{"id":1212,"date":"2021-07-24T20:32:32","date_gmt":"2021-07-24T18:32:32","guid":{"rendered":"https:\/\/betaspain.es\/?page_id=1212"},"modified":"2021-12-27T20:59:04","modified_gmt":"2021-12-27T19:59:04","slug":"register","status":"publish","type":"page","link":"https:\/\/betaspain.es\/en\/home\/register\/","title":{"rendered":"Register"},"content":{"rendered":"<h1 style=\"text-align: center\">ERROR 404-27<\/h1>\n<p>Estamos arreglando la p\u00e1gina de inscripci\u00f3n. Mientras terminamos los \u00faltimos detalles, puedes escribirnos a <a href=\"mailto:spain.beta@gmail.com\">spain.beta@gmail.com<\/a> y te informaremos sobre c\u00f3mo hacerte socio. Tambi\u00e9n puedes ponerte en contacto con nosotros a trav\u00e9s de nuestras <a href=\"https:\/\/betaspain.es\/en\/contact\/\">redes sociales<\/a>.<\/p>","protected":false},"excerpt":{"rendered":"<p>ERROR 404-27 Estamos arreglando la p\u00e1gina de inscripci\u00f3n. Mientras terminamos los \u00faltimos detalles, puedes escribirnos a spain.beta@gmail.com y te informaremos sobre c\u00f3mo hacerte socio. Tambi\u00e9n puedes ponerte en contacto con nosotros a trav\u00e9s de nuestras redes sociales.<\/p>","protected":false},"author":1,"featured_media":0,"parent":10,"menu_order":0,"comment_status":"closed","ping_status":"closed","template":"","meta":{"inline_featured_image":false,"_monsterinsights_skip_tracking":false,"_monsterinsights_sitenote_active":false,"_monsterinsights_sitenote_note":"","_monsterinsights_sitenote_category":0,"site-sidebar-layout":"default","site-content-layout":"default","ast-site-content-layout":"","site-content-style":"default","site-sidebar-style":"default","ast-global-header-display":"","ast-banner-title-visibility":"","ast-main-header-display":"","ast-hfb-above-header-display":"","ast-hfb-below-header-display":"","ast-hfb-mobile-header-display":"","site-post-title":"","ast-breadcrumbs-content":"","ast-featured-img":"","footer-sml-layout":"","theme-transparent-header-meta":"default","adv-header-id-meta":"","stick-header-meta":"","header-above-stick-meta":"","header-main-stick-meta":"","header-below-stick-meta":"","astra-migrate-meta-layouts":"default","ast-page-background-enabled":"default","ast-page-background-meta":{"desktop":{"background-color":"","background-image":"","background-repeat":"repeat","background-position":"center center","background-size":"auto","background-attachment":"scroll","background-type":"","background-media":"","overlay-type":"","overlay-color":"","overlay-gradient":""},"tablet":{"background-color":"","background-image":"","background-repeat":"repeat","background-position":"center center","background-size":"auto","background-attachment":"scroll","background-type":"","background-media":"","overlay-type":"","overlay-color":"","overlay-gradient":""},"mobile":{"background-color":"","background-image":"","background-repeat":"repeat","background-position":"center center","background-size":"auto","background-attachment":"scroll","background-type":"","background-media":"","overlay-type":"","overlay-color":"","overlay-gradient":""}},"ast-content-background-meta":{"desktop":{"background-color":"var(--ast-global-color-5)","background-image":"","background-repeat":"repeat","background-position":"center center","background-size":"auto","background-attachment":"scroll","background-type":"","background-media":"","overlay-type":"","overlay-color":"","overlay-gradient":""},"tablet":{"background-color":"var(--ast-global-color-5)","background-image":"","background-repeat":"repeat","background-position":"center center","background-size":"auto","background-attachment":"scroll","background-type":"","background-media":"","overlay-type":"","overlay-color":"","overlay-gradient":""},"mobile":{"background-color":"var(--ast-global-color-5)","background-image":"","background-repeat":"repeat","background-position":"center center","background-size":"auto","background-attachment":"scroll","background-type":"","background-media":"","overlay-type":"","overlay-color":"","overlay-gradient":""}},"footnotes":""},"class_list":["post-1212","page","type-page","status-publish","hentry"],"aioseo_notices":[],"_links":{"self":[{"href":"https:\/\/betaspain.es\/en\/wp-json\/wp\/v2\/pages\/1212","targetHints":{"allow":["GET"]}}],"collection":[{"href":"https:\/\/betaspain.es\/en\/wp-json\/wp\/v2\/pages"}],"about":[{"href":"https:\/\/betaspain.es\/en\/wp-json\/wp\/v2\/types\/page"}],"author":[{"embeddable":true,"href":"https:\/\/betaspain.es\/en\/wp-json\/wp\/v2\/users\/1"}],"replies":[{"embeddable":true,"href":"https:\/\/betaspain.es\/en\/wp-json\/wp\/v2\/comments?post=1212"}],"version-history":[{"count":3,"href":"https:\/\/betaspain.es\/en\/wp-json\/wp\/v2\/pages\/1212\/revisions"}],"predecessor-version":[{"id":2060,"href":"https:\/\/betaspain.es\/en\/wp-json\/wp\/v2\/pages\/1212\/revisions\/2060"}],"up":[{"embeddable":true,"href":"https:\/\/betaspain.es\/en\/wp-json\/wp\/v2\/pages\/10"}],"wp:attachment":[{"href":"https:\/\/betaspain.es\/en\/wp-json\/wp\/v2\/media?parent=1212"}],"curies":[{"name":"wp","href":"https:\/\/api.w.org\/{rel}","templated":true}]}}