{"id":1284,"date":"2021-07-25T08:05:59","date_gmt":"2021-07-25T06:05:59","guid":{"rendered":"https:\/\/betaspain.es\/home-copy\/"},"modified":"2025-09-09T12:50:04","modified_gmt":"2025-09-09T10:50:04","slug":"meu-spain","status":"publish","type":"page","link":"https:\/\/betaspain.es\/en\/meu-spain\/","title":{"rendered":"MEU SPAIN"},"content":{"rendered":"<div class=\"wp-block-cover alignfull has-parallax\" style=\"min-height:780px;aspect-ratio:unset;\"><div class=\"wp-block-cover__image-background wp-image-3241 has-parallax\" style=\"background-position:50% 50%;background-image:url(https:\/\/betaspain.es\/wp-content\/uploads\/2025\/03\/6100897164_83d34e918e_o.jpg)\"><\/div><span aria-hidden=\"true\" class=\"wp-block-cover__background has-black-background-color has-background-dim\"><\/span><div class=\"wp-block-cover__inner-container is-layout-flow wp-block-cover-is-layout-flow\">\n<div class=\"wp-block-columns alignfull are-vertically-aligned-center is-layout-flex wp-container-core-columns-is-layout-28f84493 wp-block-columns-is-layout-flex\">\n<div class=\"wp-block-column is-vertically-aligned-center is-layout-flow wp-block-column-is-layout-flow\" style=\"flex-basis:100%\">\n<div class=\"wp-block-columns is-layout-flex wp-container-core-columns-is-layout-28f84493 wp-block-columns-is-layout-flex\">\n<div class=\"wp-block-column is-layout-flow wp-block-column-is-layout-flow\">\n<div class=\"wp-block-columns is-layout-flex wp-container-core-columns-is-layout-28f84493 wp-block-columns-is-layout-flex\">\n<div class=\"wp-block-column is-layout-flow wp-block-column-is-layout-flow\" style=\"flex-basis:100%\"><\/div>\n<\/div>\n<\/div>\n<\/div>\n\n\n\n<p><\/p>\n\n\n\n<p><\/p>\n\n\n\n<p><\/p>\n\n\n\n<h6 class=\"wp-block-heading has-white-color has-text-color\">SIMULATION OF THE EUROPEAN INSTITUTIONS | WINNER EUROPEAN CHARLEMAGNE YOUTH PRIZE \u2013 SPAIN 2022<\/h6>\n\n\n\n<h1 class=\"wp-block-heading has-white-color has-text-color\">MEU SPAIN<\/h1>\n\n\n<p class=\"fonts-plugin-block\" style=\"font-family: Raleway;font-weight: normal;font-size: 20px;line-height: 1.3;text-align: center\"><em>Model European Union Spain\u00a0es un evento internacional organizado por BETA Espa\u00f1a que cada a\u00f1o se celebra en una ciudad distinta de Espa\u00f1a con el fin de ense\u00f1ar el funcionamiento de las instituciones europeas mediante la simulaci\u00f3n de roles de eurodiputados, ministros en el Consejo de la Uni\u00f3n Europea, periodistas, lobistas, int\u00e9rpretes y miembros del Consejo Europeo (c\u00e1mara de crisis).<\/em><\/p><\/div>\n<\/div>\n<\/div><\/div>\n\n\n\n<hr class=\"wp-block-separator has-css-opacity\"\/>\n\n\n\n<div class=\"wp-block-columns is-layout-flex wp-container-core-columns-is-layout-28f84493 wp-block-columns-is-layout-flex\">\n<div class=\"wp-block-column is-layout-flow wp-block-column-is-layout-flow\" style=\"flex-basis:100%\">\n<div class=\"inherit-container-width wp-block-group alignfull has-white-background-color has-background is-layout-constrained wp-block-group-is-layout-constrained\">\n<div class=\"wp-block-columns alignfull are-vertically-aligned-center has-white-background-color has-background is-layout-flex wp-container-core-columns-is-layout-28f84493 wp-block-columns-is-layout-flex\">\n<div class=\"wp-block-column is-vertically-aligned-center is-layout-flow wp-block-column-is-layout-flow\"><h5 class=\"fonts-plugin-block\" style=\"font-family: Raleway;font-weight: 700;line-height: 1.5;text-align: center\">MEU Spain 2025 was held in Santander from 21 to 25 July 2025, where dozens of young people became the representatives of European citizens in the EU institutions.<\/h5><\/div>\n<\/div>\n<\/div>\n\n\n\n<hr class=\"wp-block-separator has-css-opacity\"\/>\n\n\n\n<div class=\"wp-block-cover is-light\"><img loading=\"lazy\" decoding=\"async\" width=\"1474\" height=\"893\" class=\"wp-block-cover__image-background wp-image-3243\" alt=\"\" src=\"https:\/\/betaspain.es\/wp-content\/uploads\/2025\/03\/Centro_Botin_37578627575.jpg\" data-object-fit=\"cover\" srcset=\"https:\/\/betaspain.es\/wp-content\/uploads\/2025\/03\/Centro_Botin_37578627575.jpg 1474w, https:\/\/betaspain.es\/wp-content\/uploads\/2025\/03\/Centro_Botin_37578627575-300x182.jpg 300w, https:\/\/betaspain.es\/wp-content\/uploads\/2025\/03\/Centro_Botin_37578627575-1024x620.jpg 1024w, https:\/\/betaspain.es\/wp-content\/uploads\/2025\/03\/Centro_Botin_37578627575-768x465.jpg 768w, https:\/\/betaspain.es\/wp-content\/uploads\/2025\/03\/Centro_Botin_37578627575-18x12.jpg 18w\" sizes=\"auto, (max-width: 1474px) 100vw, 1474px\" \/><span aria-hidden=\"true\" class=\"wp-block-cover__background has-background-dim\" style=\"background-color:#788899\"><\/span><div class=\"wp-block-cover__inner-container is-layout-flow wp-block-cover-is-layout-flow\">\n<div class=\"wp-block-columns is-layout-flex wp-container-core-columns-is-layout-28f84493 wp-block-columns-is-layout-flex\">\n<div class=\"wp-block-column is-layout-flow wp-block-column-is-layout-flow\" style=\"flex-basis:20%\">\n<figure class=\"wp-block-image aligncenter size-thumbnail is-resized\"><img loading=\"lazy\" decoding=\"async\" width=\"150\" height=\"150\" src=\"https:\/\/betaspain.es\/wp-content\/uploads\/2025\/04\/imagen_2025-04-08_223040983-150x150.png\" alt=\"\" class=\"wp-image-3279\" style=\"width:150px;height:auto\" srcset=\"https:\/\/betaspain.es\/wp-content\/uploads\/2025\/04\/imagen_2025-04-08_223040983-150x150.png 150w, https:\/\/betaspain.es\/wp-content\/uploads\/2025\/04\/imagen_2025-04-08_223040983-300x300.png 300w, https:\/\/betaspain.es\/wp-content\/uploads\/2025\/04\/imagen_2025-04-08_223040983-12x12.png 12w, https:\/\/betaspain.es\/wp-content\/uploads\/2025\/04\/imagen_2025-04-08_223040983.png 355w\" sizes=\"auto, (max-width: 150px) 100vw, 150px\" \/><\/figure>\n<\/div>\n\n\n\n<div class=\"wp-block-column is-layout-flow wp-block-column-is-layout-flow\" style=\"flex-basis:80%\"><p class=\"fonts-plugin-block\" style=\"font-family: Raleway;font-weight: 700;font-size: 29px;text-align: center\">Enjoy an unforgettable learning experience in Santander, a unique location where sea and mountains come together.<\/p><\/div>\n<\/div>\n<\/div><\/div>\n<\/div>\n<\/div>\n\n\n<h2 class=\"fonts-plugin-block\" style=\"font-family: Raleway;font-weight: 700;text-align: center\">Watch how we enjoyed MEU Spain 2024!<\/h2>\n\n\n<div class=\"wp-block-group is-layout-constrained wp-container-core-group-is-layout-e4eaaeb1 wp-block-group-is-layout-constrained\">\n<figure class=\"wp-block-embed is-type-video is-provider-youtube wp-block-embed-youtube wp-embed-aspect-16-9 wp-has-aspect-ratio\" style=\"margin-top:0;margin-right:0;margin-bottom:0;margin-left:0\"><div class=\"wp-block-embed__wrapper\">\n<div class=\"ast-oembed-container\" style=\"height: 100%;\"><iframe loading=\"lazy\" title=\"MEU SPAIN 2024\" width=\"500\" height=\"281\" src=\"https:\/\/www.youtube.com\/embed\/2GNF5W4O2Nw?feature=oembed\" frameborder=\"0\" allow=\"accelerometer; autoplay; clipboard-write; encrypted-media; gyroscope; picture-in-picture; web-share\" referrerpolicy=\"strict-origin-when-cross-origin\" allowfullscreen><\/iframe><\/div>\n<\/div><\/figure>\n<\/div>\n\n\n\n<div class=\"wp-block-columns is-layout-flex wp-container-core-columns-is-layout-28f84493 wp-block-columns-is-layout-flex\">\n<div class=\"wp-block-column is-layout-flow wp-block-column-is-layout-flow\"><h6 class=\"fonts-plugin-block\" style=\"font-family: Anton;font-weight: normal\">MEU SPAIN<\/h6>\n\n<h2 class=\"fonts-plugin-block\" style=\"font-family: Raleway;font-weight: 700\">Join the event!<\/h2><\/div>\n\n\n\n<div class=\"wp-block-column is-layout-flow wp-block-column-is-layout-flow\"><p class=\"fonts-plugin-block\" style=\"font-family: Raleway;font-weight: 400;line-height: 1.5\">You may participate as a Member of the European Parliament (MEP), minister in the Council of the European Union, journalist, lobbyist, interpreter or member of the European Council (crisis chamber). You can learn more about the roles <a href=\"https:\/\/betaspain.es\/en\/meu-spain-roles\/\" title=\"MEU SPAIN-Roles\">here<\/a><br><br>Follow us on social media for more information about other events and activities. <\/p><\/div>\n\n\n\n<div class=\"wp-block-column is-vertically-aligned-center is-layout-flow wp-block-column-is-layout-flow\">\n<div class=\"wp-block-buttons alignwide is-content-justification-center is-layout-flex wp-container-core-buttons-is-layout-a89b3969 wp-block-buttons-is-layout-flex\">\n<div class=\"wp-block-button\"><a class=\"wp-block-button__link has-background wp-element-button\" style=\"background:linear-gradient(135deg,rgb(252,185,0) 0%,rgb(255,105,0) 56%);font-style:normal;font-weight:500;line-height:1.6\">APPLICATION FORM<br>(AVAILABLE IN 2026)<\/a><\/div>\n<\/div>\n<\/div>\n<\/div>\n\n\n\n<div class=\"wp-block-columns is-layout-flex wp-container-core-columns-is-layout-28f84493 wp-block-columns-is-layout-flex\">\n<div class=\"wp-block-column is-layout-flow wp-block-column-is-layout-flow\" style=\"flex-basis:33.33%\">\n<figure class=\"wp-block-image size-large\"><img loading=\"lazy\" decoding=\"async\" width=\"1024\" height=\"248\" src=\"https:\/\/betaspain.es\/wp-content\/uploads\/2025\/04\/EN_Co-fundedbytheEU_RGB_POS.png\" alt=\"\" class=\"wp-image-3282\" srcset=\"https:\/\/betaspain.es\/wp-content\/uploads\/2025\/04\/EN_Co-fundedbytheEU_RGB_POS.png 4119w, https:\/\/betaspain.es\/wp-content\/uploads\/2025\/04\/EN_Co-fundedbytheEU_RGB_POS-300x67.png 300w, https:\/\/betaspain.es\/wp-content\/uploads\/2025\/04\/EN_Co-fundedbytheEU_RGB_POS-1024x228.png 1024w, https:\/\/betaspain.es\/wp-content\/uploads\/2025\/04\/EN_Co-fundedbytheEU_RGB_POS-768x171.png 768w, https:\/\/betaspain.es\/wp-content\/uploads\/2025\/04\/EN_Co-fundedbytheEU_RGB_POS-1536x343.png 1536w, https:\/\/betaspain.es\/wp-content\/uploads\/2025\/04\/EN_Co-fundedbytheEU_RGB_POS-2048x457.png 2048w, https:\/\/betaspain.es\/wp-content\/uploads\/2025\/04\/EN_Co-fundedbytheEU_RGB_POS-18x4.png 18w\" sizes=\"auto, (max-width: 1024px) 100vw, 1024px\" \/><\/figure>\n<\/div>\n\n\n\n<div class=\"wp-block-column is-layout-flow wp-block-column-is-layout-flow\" style=\"flex-basis:66.66%\"><p class=\"fonts-plugin-block\" style=\"font-family: Raleway;font-weight: normal;font-size: 14px;line-height: 1.5\">MEU Spain 2025 is co-funded by the European Union<\/p><\/div>\n<\/div>\n\n\n<h4 class=\"fonts-plugin-block\" style=\"font-family: Raleway;font-weight: 600;text-align: center\">Learn about the editions of MEU Spain<\/h4>\n\n\n<figure class=\"wp-block-gallery has-nested-images columns-5 wp-block-gallery-1 is-layout-flex wp-block-gallery-is-layout-flex\">\n<figure class=\"wp-block-image size-large is-style-rounded\"><a href=\"https:\/\/betaspain.es\/en\/meu-spain\/meu-spain-2021\/\"><img loading=\"lazy\" decoding=\"async\" width=\"1024\" height=\"1024\" data-id=\"2144\" src=\"https:\/\/betaspain.es\/wp-content\/uploads\/2023\/01\/MEU-Spain-2021-transparente-1024x1024.png\" alt=\"\" class=\"wp-image-2144\" srcset=\"https:\/\/betaspain.es\/wp-content\/uploads\/2023\/01\/MEU-Spain-2021-transparente-1024x1024.png 1024w, https:\/\/betaspain.es\/wp-content\/uploads\/2023\/01\/MEU-Spain-2021-transparente-300x300.png 300w, https:\/\/betaspain.es\/wp-content\/uploads\/2023\/01\/MEU-Spain-2021-transparente-150x150.png 150w, https:\/\/betaspain.es\/wp-content\/uploads\/2023\/01\/MEU-Spain-2021-transparente-768x768.png 768w, https:\/\/betaspain.es\/wp-content\/uploads\/2023\/01\/MEU-Spain-2021-transparente-1536x1536.png 1536w, https:\/\/betaspain.es\/wp-content\/uploads\/2023\/01\/MEU-Spain-2021-transparente-2048x2048.png 2048w, https:\/\/betaspain.es\/wp-content\/uploads\/2023\/01\/MEU-Spain-2021-transparente-12x12.png 12w\" sizes=\"auto, (max-width: 1024px) 100vw, 1024px\" \/><\/a><figcaption class=\"wp-element-caption\">2021: Madrid<\/figcaption><\/figure>\n\n\n\n<figure class=\"wp-block-image size-large is-style-rounded\"><a href=\"https:\/\/betaspain.es\/en\/meu-spain\/meu-spain-2022\/\"><img loading=\"lazy\" decoding=\"async\" width=\"500\" height=\"500\" data-id=\"2037\" src=\"https:\/\/betaspain.es\/wp-content\/uploads\/2022\/07\/MEU-Spain-2022-transparente.png\" alt=\"\" class=\"wp-image-2037\" srcset=\"https:\/\/betaspain.es\/wp-content\/uploads\/2022\/07\/MEU-Spain-2022-transparente.png 500w, https:\/\/betaspain.es\/wp-content\/uploads\/2022\/07\/MEU-Spain-2022-transparente-300x300.png 300w, https:\/\/betaspain.es\/wp-content\/uploads\/2022\/07\/MEU-Spain-2022-transparente-150x150.png 150w, https:\/\/betaspain.es\/wp-content\/uploads\/2022\/07\/MEU-Spain-2022-transparente-12x12.png 12w\" sizes=\"auto, (max-width: 500px) 100vw, 500px\" \/><\/a><figcaption class=\"wp-element-caption\">2022: Santiago de Compostela<\/figcaption><\/figure>\n\n\n\n<figure class=\"wp-block-image size-large is-style-rounded\"><a href=\"https:\/\/betaspain.es\/en\/meu-spain\/meu-spain-2023\/\"><img loading=\"lazy\" decoding=\"async\" width=\"625\" height=\"625\" data-id=\"2141\" src=\"https:\/\/betaspain.es\/wp-content\/uploads\/2023\/01\/MEU-SPAIN-2023-logo-en-negativo.png\" alt=\"\" class=\"wp-image-2141\" srcset=\"https:\/\/betaspain.es\/wp-content\/uploads\/2023\/01\/MEU-SPAIN-2023-logo-en-negativo.png 625w, https:\/\/betaspain.es\/wp-content\/uploads\/2023\/01\/MEU-SPAIN-2023-logo-en-negativo-300x300.png 300w, https:\/\/betaspain.es\/wp-content\/uploads\/2023\/01\/MEU-SPAIN-2023-logo-en-negativo-150x150.png 150w, https:\/\/betaspain.es\/wp-content\/uploads\/2023\/01\/MEU-SPAIN-2023-logo-en-negativo-12x12.png 12w\" sizes=\"auto, (max-width: 625px) 100vw, 625px\" \/><\/a><figcaption class=\"wp-element-caption\">2023: M\u00e1laga<\/figcaption><\/figure>\n\n\n\n<figure class=\"wp-block-image size-large is-style-rounded\"><a href=\"https:\/\/betaspain.es\/en\/meu-spain\/meu-spain-2024\/\"><img loading=\"lazy\" decoding=\"async\" width=\"255\" height=\"255\" data-id=\"2404\" src=\"https:\/\/betaspain.es\/wp-content\/uploads\/2024\/01\/MEU-Spain-2024.png\" alt=\"\" class=\"wp-image-2404\" srcset=\"https:\/\/betaspain.es\/wp-content\/uploads\/2024\/01\/MEU-Spain-2024.png 255w, https:\/\/betaspain.es\/wp-content\/uploads\/2024\/01\/MEU-Spain-2024-150x150.png 150w, https:\/\/betaspain.es\/wp-content\/uploads\/2024\/01\/MEU-Spain-2024-12x12.png 12w\" sizes=\"auto, (max-width: 255px) 100vw, 255px\" \/><\/a><figcaption class=\"wp-element-caption\">2024: Valencia<\/figcaption><\/figure>\n\n\n\n<figure class=\"wp-block-image size-full is-style-rounded\"><a href=\"https:\/\/betaspain.es\/en\/meu-spain\/meu-spain-2025\/\"><img loading=\"lazy\" decoding=\"async\" width=\"355\" height=\"355\" data-id=\"3279\" src=\"https:\/\/betaspain.es\/wp-content\/uploads\/2025\/04\/imagen_2025-04-08_223040983.png\" alt=\"\" class=\"wp-image-3279\" srcset=\"https:\/\/betaspain.es\/wp-content\/uploads\/2025\/04\/imagen_2025-04-08_223040983.png 355w, https:\/\/betaspain.es\/wp-content\/uploads\/2025\/04\/imagen_2025-04-08_223040983-300x300.png 300w, https:\/\/betaspain.es\/wp-content\/uploads\/2025\/04\/imagen_2025-04-08_223040983-150x150.png 150w, https:\/\/betaspain.es\/wp-content\/uploads\/2025\/04\/imagen_2025-04-08_223040983-12x12.png 12w\" sizes=\"auto, (max-width: 355px) 100vw, 355px\" \/><\/a><figcaption class=\"wp-element-caption\">2025: Santander<\/figcaption><\/figure>\n<\/figure>\n\n\n\n<div class=\"wp-block-columns is-layout-flex wp-container-core-columns-is-layout-28f84493 wp-block-columns-is-layout-flex\">\n<div class=\"wp-block-column is-layout-flow wp-block-column-is-layout-flow\"><p class=\"fonts-plugin-block\" style=\"font-family: Raleway;font-weight: normal\"><em>If you want to collaborate with the event, you have any questions or you want to know more, you can contact us through our social media and by email.<\/em><br><br><em>Email<br><\/em><a href=\"mailto:spain.beta@gmail.com\"><em>spain.beta@gmail.com<\/em><\/a> <br><em><a href=\"mailto:participants.coordination@betaspain.es\" title=\"\">participants.coordination@betaspain.es<\/a><\/em> <\/p>\n\n\n<p><\/p>\n<\/div>\n\n\n\n<div class=\"wp-block-column is-layout-flow wp-block-column-is-layout-flow\">\n<ul class=\"wp-block-social-links is-style-pill-shape is-layout-flex wp-block-social-links-is-layout-flex\"><li class=\"wp-social-link wp-social-link-facebook  wp-block-social-link\"><a href=\"https:\/\/www.facebook.com\/meuspain\" class=\"wp-block-social-link-anchor\"><svg width=\"24\" height=\"24\" viewbox=\"0 0 24 24\" version=\"1.1\" xmlns=\"http:\/\/www.w3.org\/2000\/svg\" aria-hidden=\"true\" focusable=\"false\"><path d=\"M12 2C6.5 2 2 6.5 2 12c0 5 3.7 9.1 8.4 9.9v-7H7.9V12h2.5V9.8c0-2.5 1.5-3.9 3.8-3.9 1.1 0 2.2.2 2.2.2v2.5h-1.3c-1.2 0-1.6.8-1.6 1.6V12h2.8l-.4 2.9h-2.3v7C18.3 21.1 22 17 22 12c0-5.5-4.5-10-10-10z\"><\/path><\/svg><span class=\"wp-block-social-link-label screen-reader-text\">Facebook<\/span><\/a><\/li>\n\n<li class=\"wp-social-link wp-social-link-instagram  wp-block-social-link\"><a href=\"https:\/\/www.instagram.com\/meuspain\/\" class=\"wp-block-social-link-anchor\"><svg width=\"24\" height=\"24\" viewbox=\"0 0 24 24\" version=\"1.1\" xmlns=\"http:\/\/www.w3.org\/2000\/svg\" aria-hidden=\"true\" focusable=\"false\"><path d=\"M12,4.622c2.403,0,2.688,0.009,3.637,0.052c0.877,0.04,1.354,0.187,1.671,0.31c0.42,0.163,0.72,0.358,1.035,0.673 c0.315,0.315,0.51,0.615,0.673,1.035c0.123,0.317,0.27,0.794,0.31,1.671c0.043,0.949,0.052,1.234,0.052,3.637 s-0.009,2.688-0.052,3.637c-0.04,0.877-0.187,1.354-0.31,1.671c-0.163,0.42-0.358,0.72-0.673,1.035 c-0.315,0.315-0.615,0.51-1.035,0.673c-0.317,0.123-0.794,0.27-1.671,0.31c-0.949,0.043-1.233,0.052-3.637,0.052 s-2.688-0.009-3.637-0.052c-0.877-0.04-1.354-0.187-1.671-0.31c-0.42-0.163-0.72-0.358-1.035-0.673 c-0.315-0.315-0.51-0.615-0.673-1.035c-0.123-0.317-0.27-0.794-0.31-1.671C4.631,14.688,4.622,14.403,4.622,12 s0.009-2.688,0.052-3.637c0.04-0.877,0.187-1.354,0.31-1.671c0.163-0.42,0.358-0.72,0.673-1.035 c0.315-0.315,0.615-0.51,1.035-0.673c0.317-0.123,0.794-0.27,1.671-0.31C9.312,4.631,9.597,4.622,12,4.622 M12,3 C9.556,3,9.249,3.01,8.289,3.054C7.331,3.098,6.677,3.25,6.105,3.472C5.513,3.702,5.011,4.01,4.511,4.511 c-0.5,0.5-0.808,1.002-1.038,1.594C3.25,6.677,3.098,7.331,3.054,8.289C3.01,9.249,3,9.556,3,12c0,2.444,0.01,2.751,0.054,3.711 c0.044,0.958,0.196,1.612,0.418,2.185c0.23,0.592,0.538,1.094,1.038,1.594c0.5,0.5,1.002,0.808,1.594,1.038 c0.572,0.222,1.227,0.375,2.185,0.418C9.249,20.99,9.556,21,12,21s2.751-0.01,3.711-0.054c0.958-0.044,1.612-0.196,2.185-0.418 c0.592-0.23,1.094-0.538,1.594-1.038c0.5-0.5,0.808-1.002,1.038-1.594c0.222-0.572,0.375-1.227,0.418-2.185 C20.99,14.751,21,14.444,21,12s-0.01-2.751-0.054-3.711c-0.044-0.958-0.196-1.612-0.418-2.185c-0.23-0.592-0.538-1.094-1.038-1.594 c-0.5-0.5-1.002-0.808-1.594-1.038c-0.572-0.222-1.227-0.375-2.185-0.418C14.751,3.01,14.444,3,12,3L12,3z M12,7.378 c-2.552,0-4.622,2.069-4.622,4.622S9.448,16.622,12,16.622s4.622-2.069,4.622-4.622S14.552,7.378,12,7.378z M12,15 c-1.657,0-3-1.343-3-3s1.343-3,3-3s3,1.343,3,3S13.657,15,12,15z M16.804,6.116c-0.596,0-1.08,0.484-1.08,1.08 s0.484,1.08,1.08,1.08c0.596,0,1.08-0.484,1.08-1.08S17.401,6.116,16.804,6.116z\"><\/path><\/svg><span class=\"wp-block-social-link-label screen-reader-text\">Instagram<\/span><\/a><\/li>\n\n<li class=\"wp-social-link wp-social-link-twitter  wp-block-social-link\"><a href=\"https:\/\/twitter.com\/MeuSpain\" class=\"wp-block-social-link-anchor\"><svg width=\"24\" height=\"24\" viewbox=\"0 0 24 24\" version=\"1.1\" xmlns=\"http:\/\/www.w3.org\/2000\/svg\" aria-hidden=\"true\" focusable=\"false\"><path d=\"M22.23,5.924c-0.736,0.326-1.527,0.547-2.357,0.646c0.847-0.508,1.498-1.312,1.804-2.27 c-0.793,0.47-1.671,0.812-2.606,0.996C18.324,4.498,17.257,4,16.077,4c-2.266,0-4.103,1.837-4.103,4.103 c0,0.322,0.036,0.635,0.106,0.935C8.67,8.867,5.647,7.234,3.623,4.751C3.27,5.357,3.067,6.062,3.067,6.814 c0,1.424,0.724,2.679,1.825,3.415c-0.673-0.021-1.305-0.206-1.859-0.513c0,0.017,0,0.034,0,0.052c0,1.988,1.414,3.647,3.292,4.023 c-0.344,0.094-0.707,0.144-1.081,0.144c-0.264,0-0.521-0.026-0.772-0.074c0.522,1.63,2.038,2.816,3.833,2.85 c-1.404,1.1-3.174,1.756-5.096,1.756c-0.331,0-0.658-0.019-0.979-0.057c1.816,1.164,3.973,1.843,6.29,1.843 c7.547,0,11.675-6.252,11.675-11.675c0-0.178-0.004-0.355-0.012-0.531C20.985,7.47,21.68,6.747,22.23,5.924z\"><\/path><\/svg><span class=\"wp-block-social-link-label screen-reader-text\">Twitter<\/span><\/a><\/li>\n\n<li class=\"wp-social-link wp-social-link-linkedin  wp-block-social-link\"><a href=\"https:\/\/www.linkedin.com\/company\/model-european-union-spain\/\" class=\"wp-block-social-link-anchor\"><svg width=\"24\" height=\"24\" viewbox=\"0 0 24 24\" version=\"1.1\" xmlns=\"http:\/\/www.w3.org\/2000\/svg\" aria-hidden=\"true\" focusable=\"false\"><path d=\"M19.7,3H4.3C3.582,3,3,3.582,3,4.3v15.4C3,20.418,3.582,21,4.3,21h15.4c0.718,0,1.3-0.582,1.3-1.3V4.3 C21,3.582,20.418,3,19.7,3z M8.339,18.338H5.667v-8.59h2.672V18.338z M7.004,8.574c-0.857,0-1.549-0.694-1.549-1.548 c0-0.855,0.691-1.548,1.549-1.548c0.854,0,1.547,0.694,1.547,1.548C8.551,7.881,7.858,8.574,7.004,8.574z M18.339,18.338h-2.669 v-4.177c0-0.996-0.017-2.278-1.387-2.278c-1.389,0-1.601,1.086-1.601,2.206v4.249h-2.667v-8.59h2.559v1.174h0.037 c0.356-0.675,1.227-1.387,2.526-1.387c2.703,0,3.203,1.779,3.203,4.092V18.338z\"><\/path><\/svg><span class=\"wp-block-social-link-label screen-reader-text\">LinkedIn<\/span><\/a><\/li>\n\n<li class=\"wp-social-link wp-social-link-mail  wp-block-social-link\"><a href=\"mailto:s&#112;a&#105;n&#046;b&#101;&#116;&#097;&#064;g&#109;a&#105;l.co&#109;\" class=\"wp-block-social-link-anchor\"><svg width=\"24\" height=\"24\" viewbox=\"0 0 24 24\" version=\"1.1\" xmlns=\"http:\/\/www.w3.org\/2000\/svg\" aria-hidden=\"true\" focusable=\"false\"><path d=\"M19,5H5c-1.1,0-2,.9-2,2v10c0,1.1.9,2,2,2h14c1.1,0,2-.9,2-2V7c0-1.1-.9-2-2-2zm.5,12c0,.3-.2.5-.5.5H5c-.3,0-.5-.2-.5-.5V9.8l7.5,5.6,7.5-5.6V17zm0-9.1L12,13.6,4.5,7.9V7c0-.3.2-.5.5-.5h14c.3,0,.5.2.5.5v.9z\"><\/path><\/svg><span class=\"wp-block-social-link-label screen-reader-text\">Mail<\/span><\/a><\/li><\/ul>\n<\/div>\n<\/div>","protected":false},"excerpt":{"rendered":"","protected":false},"author":1,"featured_media":0,"parent":0,"menu_order":0,"comment_status":"closed","ping_status":"closed","template":"","meta":{"inline_featured_image":false,"_monsterinsights_skip_tracking":false,"_monsterinsights_sitenote_active":false,"_monsterinsights_sitenote_note":"","_monsterinsights_sitenote_category":0,"site-sidebar-layout":"no-sidebar","site-content-layout":"plain-container","ast-site-content-layout":"normal-width-container","site-content-style":"unboxed","site-sidebar-style":"unboxed","ast-global-header-display":"","ast-banner-title-visibility":"","ast-main-header-display":"","ast-hfb-above-header-display":"","ast-hfb-below-header-display":"","ast-hfb-mobile-header-display":"","site-post-title":"disabled","ast-breadcrumbs-content":"","ast-featured-img":"disabled","footer-sml-layout":"","theme-transparent-header-meta":"default","adv-header-id-meta":"","stick-header-meta":"","header-above-stick-meta":"","header-main-stick-meta":"","header-below-stick-meta":"","astra-migrate-meta-layouts":"set","ast-page-background-enabled":"default","ast-page-background-meta":{"desktop":{"background-color":"","background-image":"","background-repeat":"repeat","background-position":"center center","background-size":"auto","background-attachment":"scroll","background-type":"","background-media":"","overlay-type":"","overlay-color":"","overlay-gradient":""},"tablet":{"background-color":"","background-image":"","background-repeat":"repeat","background-position":"center center","background-size":"auto","background-attachment":"scroll","background-type":"","background-media":"","overlay-type":"","overlay-color":"","overlay-gradient":""},"mobile":{"background-color":"","background-image":"","background-repeat":"repeat","background-position":"center center","background-size":"auto","background-attachment":"scroll","background-type":"","background-media":"","overlay-type":"","overlay-color":"","overlay-gradient":""}},"ast-content-background-meta":{"desktop":{"background-color":"var(--ast-global-color-5)","background-image":"","background-repeat":"repeat","background-position":"center center","background-size":"auto","background-attachment":"scroll","background-type":"","background-media":"","overlay-type":"","overlay-color":"","overlay-gradient":""},"tablet":{"background-color":"var(--ast-global-color-5)","background-image":"","background-repeat":"repeat","background-position":"center center","background-size":"auto","background-attachment":"scroll","background-type":"","background-media":"","overlay-type":"","overlay-color":"","overlay-gradient":""},"mobile":{"background-color":"var(--ast-global-color-5)","background-image":"","background-repeat":"repeat","background-position":"center center","background-size":"auto","background-attachment":"scroll","background-type":"","background-media":"","overlay-type":"","overlay-color":"","overlay-gradient":""}},"footnotes":""},"class_list":["post-1284","page","type-page","status-publish","hentry"],"aioseo_notices":[],"_links":{"self":[{"href":"https:\/\/betaspain.es\/en\/wp-json\/wp\/v2\/pages\/1284","targetHints":{"allow":["GET"]}}],"collection":[{"href":"https:\/\/betaspain.es\/en\/wp-json\/wp\/v2\/pages"}],"about":[{"href":"https:\/\/betaspain.es\/en\/wp-json\/wp\/v2\/types\/page"}],"author":[{"embeddable":true,"href":"https:\/\/betaspain.es\/en\/wp-json\/wp\/v2\/users\/1"}],"replies":[{"embeddable":true,"href":"https:\/\/betaspain.es\/en\/wp-json\/wp\/v2\/comments?post=1284"}],"version-history":[{"count":114,"href":"https:\/\/betaspain.es\/en\/wp-json\/wp\/v2\/pages\/1284\/revisions"}],"predecessor-version":[{"id":3447,"href":"https:\/\/betaspain.es\/en\/wp-json\/wp\/v2\/pages\/1284\/revisions\/3447"}],"wp:attachment":[{"href":"https:\/\/betaspain.es\/en\/wp-json\/wp\/v2\/media?parent=1284"}],"curies":[{"name":"wp","href":"https:\/\/api.w.org\/{rel}","templated":true}]}}