{"id":1630,"date":"2021-12-28T10:16:03","date_gmt":"2021-12-28T09:16:03","guid":{"rendered":"https:\/\/betaspain.es\/portal-socios-copy\/"},"modified":"2024-09-21T11:48:09","modified_gmt":"2024-09-21T09:48:09","slug":"portal-socios-documentos-bis","status":"publish","type":"page","link":"https:\/\/betaspain.es\/en\/portal-socios-bis\/portal-socios-documentos-bis\/","title":{"rendered":"ZZZ-PORTAL BETA-ZZZ-Documentos"},"content":{"rendered":"<div class=\"wp-block-columns is-layout-flex wp-container-core-columns-is-layout-2d83c031 wp-block-columns-is-layout-flex\" style=\"border-radius:0px;margin-top:1px;margin-bottom:1px\">\n<div class=\"wp-block-column is-layout-flow wp-block-column-is-layout-flow\" style=\"flex-basis:10%\"><div class=\"alignleft wp-block-site-logo\"><a href=\"https:\/\/betaspain.es\/en\/\" class=\"custom-logo-link\" rel=\"home\"><img loading=\"lazy\" decoding=\"async\" width=\"110\" height=\"73\" src=\"https:\/\/betaspain.es\/wp-content\/uploads\/2021\/06\/cropped-BETA-Espana-PNG-para-perfil-2-1-1-edited-2-150x100.png\" class=\"custom-logo\" alt=\"betaspain.es\" srcset=\"https:\/\/betaspain.es\/wp-content\/uploads\/2021\/06\/cropped-BETA-Espana-PNG-para-perfil-2-1-1-edited-2.png 512w, https:\/\/betaspain.es\/wp-content\/uploads\/2021\/06\/cropped-BETA-Espana-PNG-para-perfil-2-1-1-edited-2-300x200.png 300w, https:\/\/betaspain.es\/wp-content\/uploads\/2021\/06\/cropped-BETA-Espana-PNG-para-perfil-2-1-1-edited-2-18x12.png 18w, https:\/\/betaspain.es\/wp-content\/uploads\/2021\/06\/cropped-BETA-Espana-PNG-para-perfil-2-1-1-edited-2-150x100.png 150w\" sizes=\"auto, (max-width: 110px) 100vw, 110px\" \/><\/a><\/div><\/div>\n\n\n\n<div class=\"wp-block-column is-vertically-aligned-center is-layout-flow wp-block-column-is-layout-flow\" style=\"flex-basis:80%\">\n<div class=\"wp-block-buttons alignfull is-horizontal is-content-justification-center is-layout-flex wp-container-core-buttons-is-layout-84ca302d wp-block-buttons-is-layout-flex\" style=\"margin-top:0px;margin-bottom:0px\">\n<div class=\"wp-block-button has-custom-width wp-block-button__width-20 has-custom-font-size is-style-fill\" style=\"font-size:12px\"><a class=\"wp-block-button__link has-background wp-element-button\" href=\"https:\/\/betaspain.es\/en\/portal-socios\/\" style=\"background:linear-gradient(135deg,rgb(122,220,180) 0%,rgb(0,208,130) 7%)\">MEMBERS<\/a><\/div>\n\n\n\n<div class=\"wp-block-button has-custom-font-size has-custom-width wp-block-button__width-10\" style=\"font-size:12px\"><a class=\"wp-block-button__link wp-element-button\" href=\"https:\/\/betaspain.es\/en\/portal-socios-documentos\/\">DOCUMENTS<\/a><\/div>\n\n\n\n<div class=\"wp-block-button has-custom-font-size has-custom-width wp-block-button__width-15\" style=\"font-size:12px\"><a class=\"wp-block-button__link wp-element-button\" href=\"https:\/\/betaspain.es\/en\/portal-socios-comunicaciones\/\">COMMUNICATIONS<\/a><\/div>\n\n\n\n<div class=\"wp-block-button has-custom-font-size has-custom-width wp-block-button__width-15 is-style-fill\" style=\"font-size:12px\"><a class=\"wp-block-button__link has-vivid-purple-background-color has-background wp-element-button\" href=\"https:\/\/betaspain.es\/en\/portal-socios\/punto-violeta\/\">PURPLE POINT<\/a><\/div>\n<\/div>\n<\/div>\n\n\n\n<div class=\"wp-block-column is-vertically-aligned-center is-layout-flow wp-block-column-is-layout-flow\" style=\"flex-basis:15%\">\n<div class=\"wp-block-buttons alignwide is-horizontal is-content-justification-center is-layout-flex wp-container-core-buttons-is-layout-03627597 wp-block-buttons-is-layout-flex\">\n<div class=\"wp-block-button has-custom-font-size is-style-fill has-small-font-size\"><a class=\"wp-block-button__link has-background wp-element-button\" href=\"https:\/\/betaspain.es\/en\/mi-cuenta\/\" style=\"border-radius:4px;background-color:#e05a01\">MY<br>PROFILE<\/a><\/div>\n<\/div>\n<\/div>\n<\/div>\n\n\n\n<div class=\"wp-block-cover alignfull is-light is-position-center-center\" style=\"min-height:267px;aspect-ratio:unset;\"><span aria-hidden=\"true\" class=\"wp-block-cover__background has-background-dim-80 has-background-dim wp-block-cover__gradient-background has-background-gradient\" style=\"background:linear-gradient(135deg,rgb(238,238,238) 0%,rgb(169,184,195) 15%)\"><\/span><img loading=\"lazy\" decoding=\"async\" width=\"1023\" height=\"614\" class=\"wp-block-cover__image-background wp-image-1463\" alt=\"\" src=\"https:\/\/betaspain.es\/wp-content\/uploads\/2021\/12\/4383160564_56986c610b_b.jpg\" style=\"object-position:55% 57%\" data-object-fit=\"cover\" data-object-position=\"55% 57%\" srcset=\"https:\/\/betaspain.es\/wp-content\/uploads\/2021\/12\/4383160564_56986c610b_b.jpg 1023w, https:\/\/betaspain.es\/wp-content\/uploads\/2021\/12\/4383160564_56986c610b_b-300x180.jpg 300w, https:\/\/betaspain.es\/wp-content\/uploads\/2021\/12\/4383160564_56986c610b_b-768x461.jpg 768w, https:\/\/betaspain.es\/wp-content\/uploads\/2021\/12\/4383160564_56986c610b_b-18x12.jpg 18w\" sizes=\"auto, (max-width: 1023px) 100vw, 1023px\" \/><div class=\"wp-block-cover__inner-container is-layout-flow wp-block-cover-is-layout-flow\">\n<h1 class=\"wp-block-heading has-text-align-center has-white-color has-text-color\">MEMBERS' PORTAL<\/h1>\n\n\n\n<h3 class=\"wp-block-heading has-text-align-center has-white-color has-text-color\">DOCUMENTS<\/h3>\n\n\n\n<p class=\"has-text-align-center has-ast-global-color-5-color has-text-color\">Aqu\u00ed puedes encontrar los Estatutos y el Reglamento de R\u00e9gimen Interno de BETA Espa\u00f1a, as\u00ed como los Estatutos de BETA Europa. <br>Un resumen de las reuniones mensuales de la Junta Directiva se publica en el apartado <a href=\"https:\/\/betaspain.es\/en\/portal-socios-comunicaciones\/\" title=\"PORTAL BETA-Comunicaciones\"><span style=\"color:#f5a82d\" class=\"has-inline-color\">Communications<\/span><\/a><\/p>\n<\/div><\/div>\n\n\n\n<hr class=\"wp-block-separator has-text-color has-css-opacity has-background\" style=\"background-color:#09cc74;color:#09cc74\"\/>\n\n\n\n<div class=\"wp-block-columns is-layout-flex wp-container-core-columns-is-layout-28f84493 wp-block-columns-is-layout-flex\">\n<div class=\"wp-block-column is-layout-flow wp-block-column-is-layout-flow\">\n<h4 class=\"wp-block-heading\">Estatutos de BETA Espa\u00f1a<\/h4>\n\n\n\n<div data-wp-interactive=\"core\/file\" class=\"wp-block-file\"><object data-wp-bind--hidden=\"!state.hasPdfPreview\" hidden class=\"wp-block-file__embed\" data=\"https:\/\/betaspain.es\/wp-content\/uploads\/2021\/12\/Estatutos-BETA-Espana-2021.pdf\" type=\"application\/pdf\" style=\"width:100%;height:600px\" aria-label=\"Embed of Estatutos-BETA-Espana-2021.\"><\/object><a id=\"wp-block-file--media-34b03463-9cb8-4984-91f5-8c0320c7d8c6\" href=\"https:\/\/betaspain.es\/wp-content\/uploads\/2021\/12\/Estatutos-BETA-Espana-2021.pdf\">Estatutos-BETA-Espana-2021<\/a><a href=\"https:\/\/betaspain.es\/wp-content\/uploads\/2021\/12\/Estatutos-BETA-Espana-2021.pdf\" class=\"wp-block-file__button wp-element-button\" download aria-describedby=\"wp-block-file--media-34b03463-9cb8-4984-91f5-8c0320c7d8c6\">Descarga<\/a><\/div>\n<\/div>\n\n\n\n<div class=\"wp-block-column is-layout-flow wp-block-column-is-layout-flow\">\n<h4 class=\"wp-block-heading\">Reglamento de R\u00e9gimen Interno<\/h4>\n\n\n\n<div data-wp-interactive=\"core\/file\" class=\"wp-block-file\"><object data-wp-bind--hidden=\"!state.hasPdfPreview\" hidden class=\"wp-block-file__embed\" data=\"https:\/\/betaspain.es\/wp-content\/uploads\/2021\/12\/Reglamento-de-regimen-interno-BETA-Espana-2021_06-1.pdf\" type=\"application\/pdf\" style=\"width:100%;height:600px\" aria-label=\"Embed of Reglamento-de-regimen-interno-BETA-Espana-2021_06-1.\"><\/object><a id=\"wp-block-file--media-5021bfe3-1ebf-4491-8980-ab19503d7bad\" href=\"https:\/\/betaspain.es\/wp-content\/uploads\/2021\/12\/Reglamento-de-regimen-interno-BETA-Espana-2021_06-1.pdf\">Reglamento-de-regimen-interno-BETA-Espana-2021_06-1<\/a><a href=\"https:\/\/betaspain.es\/wp-content\/uploads\/2021\/12\/Reglamento-de-regimen-interno-BETA-Espana-2021_06-1.pdf\" class=\"wp-block-file__button wp-element-button\" download aria-describedby=\"wp-block-file--media-5021bfe3-1ebf-4491-8980-ab19503d7bad\">Descarga<\/a><\/div>\n<\/div>\n<\/div>\n\n\n\n<div class=\"wp-block-columns is-layout-flex wp-container-core-columns-is-layout-28f84493 wp-block-columns-is-layout-flex\">\n<div class=\"wp-block-column is-layout-flow wp-block-column-is-layout-flow\">\n<figure class=\"wp-block-image size-large\"><img loading=\"lazy\" decoding=\"async\" width=\"1024\" height=\"722\" src=\"https:\/\/betaspain.es\/wp-content\/uploads\/2024\/09\/BETA-Europe-logo-1024x722.png\" alt=\"\" class=\"wp-image-2577\" srcset=\"https:\/\/betaspain.es\/wp-content\/uploads\/2024\/09\/BETA-Europe-logo-1024x722.png 1024w, https:\/\/betaspain.es\/wp-content\/uploads\/2024\/09\/BETA-Europe-logo-300x212.png 300w, https:\/\/betaspain.es\/wp-content\/uploads\/2024\/09\/BETA-Europe-logo-768x542.png 768w, https:\/\/betaspain.es\/wp-content\/uploads\/2024\/09\/BETA-Europe-logo-1536x1083.png 1536w, https:\/\/betaspain.es\/wp-content\/uploads\/2024\/09\/BETA-Europe-logo-18x12.png 18w, https:\/\/betaspain.es\/wp-content\/uploads\/2024\/09\/BETA-Europe-logo.png 1920w\" sizes=\"auto, (max-width: 1024px) 100vw, 1024px\" \/><\/figure>\n<\/div>\n\n\n\n<div class=\"wp-block-column is-layout-flow wp-block-column-is-layout-flow\">\n<h4 class=\"wp-block-heading\">Estatutos de BETA Europe <br>(en ingl\u00e9s)<\/h4>\n\n\n\n<div data-wp-interactive=\"core\/file\" class=\"wp-block-file\"><object data-wp-bind--hidden=\"!state.hasPdfPreview\" hidden class=\"wp-block-file__embed\" data=\"https:\/\/betaspain.es\/wp-content\/uploads\/2024\/06\/Estatutos-BETA-Europa-2023.pdf\" type=\"application\/pdf\" style=\"width:100%;height:600px\" aria-label=\"Embed of Estatutos-BETA-Europa-2023.\"><\/object><a id=\"wp-block-file--media-dd0dc2e5-c69c-4d2d-9afb-0157957e72aa\" href=\"https:\/\/betaspain.es\/wp-content\/uploads\/2024\/06\/Estatutos-BETA-Europa-2023.pdf\">Estatutos-BETA-Europa-2023<\/a><a href=\"https:\/\/betaspain.es\/wp-content\/uploads\/2024\/06\/Estatutos-BETA-Europa-2023.pdf\" class=\"wp-block-file__button wp-element-button\" download aria-describedby=\"wp-block-file--media-dd0dc2e5-c69c-4d2d-9afb-0157957e72aa\">Descarga<\/a><\/div>\n<\/div>\n<\/div>","protected":false},"excerpt":{"rendered":"<p>Estatutos de BETA Espa\u00f1a Reglamento de R\u00e9gimen Interno Estatutos de BETA Europe (en ingl\u00e9s)<\/p>","protected":false},"author":1,"featured_media":0,"parent":1213,"menu_order":0,"comment_status":"closed","ping_status":"closed","template":"","meta":{"inline_featured_image":false,"_monsterinsights_skip_tracking":false,"_monsterinsights_sitenote_active":false,"_monsterinsights_sitenote_note":"","_monsterinsights_sitenote_category":0,"site-sidebar-layout":"default","site-content-layout":"plain-container","ast-site-content-layout":"normal-width-container","site-content-style":"unboxed","site-sidebar-style":"unboxed","ast-global-header-display":"","ast-banner-title-visibility":"","ast-main-header-display":"","ast-hfb-above-header-display":"disabled","ast-hfb-below-header-display":"","ast-hfb-mobile-header-display":"disabled","site-post-title":"disabled","ast-breadcrumbs-content":"","ast-featured-img":"","footer-sml-layout":"","theme-transparent-header-meta":"default","adv-header-id-meta":"","stick-header-meta":"","header-above-stick-meta":"","header-main-stick-meta":"","header-below-stick-meta":"","astra-migrate-meta-layouts":"set","ast-page-background-enabled":"default","ast-page-background-meta":{"desktop":{"background-color":"","background-image":"","background-repeat":"repeat","background-position":"center center","background-size":"auto","background-attachment":"scroll","background-type":"","background-media":"","overlay-type":"","overlay-color":"","overlay-gradient":""},"tablet":{"background-color":"","background-image":"","background-repeat":"repeat","background-position":"center center","background-size":"auto","background-attachment":"scroll","background-type":"","background-media":"","overlay-type":"","overlay-color":"","overlay-gradient":""},"mobile":{"background-color":"","background-image":"","background-repeat":"repeat","background-position":"center center","background-size":"auto","background-attachment":"scroll","background-type":"","background-media":"","overlay-type":"","overlay-color":"","overlay-gradient":""}},"ast-content-background-meta":{"desktop":{"background-color":"var(--ast-global-color-5)","background-image":"","background-repeat":"repeat","background-position":"center center","background-size":"auto","background-attachment":"scroll","background-type":"","background-media":"","overlay-type":"","overlay-color":"","overlay-gradient":""},"tablet":{"background-color":"var(--ast-global-color-5)","background-image":"","background-repeat":"repeat","background-position":"center center","background-size":"auto","background-attachment":"scroll","background-type":"","background-media":"","overlay-type":"","overlay-color":"","overlay-gradient":""},"mobile":{"background-color":"var(--ast-global-color-5)","background-image":"","background-repeat":"repeat","background-position":"center center","background-size":"auto","background-attachment":"scroll","background-type":"","background-media":"","overlay-type":"","overlay-color":"","overlay-gradient":""}},"footnotes":""},"class_list":["post-1630","page","type-page","status-publish","hentry"],"aioseo_notices":[],"_links":{"self":[{"href":"https:\/\/betaspain.es\/en\/wp-json\/wp\/v2\/pages\/1630","targetHints":{"allow":["GET"]}}],"collection":[{"href":"https:\/\/betaspain.es\/en\/wp-json\/wp\/v2\/pages"}],"about":[{"href":"https:\/\/betaspain.es\/en\/wp-json\/wp\/v2\/types\/page"}],"author":[{"embeddable":true,"href":"https:\/\/betaspain.es\/en\/wp-json\/wp\/v2\/users\/1"}],"replies":[{"embeddable":true,"href":"https:\/\/betaspain.es\/en\/wp-json\/wp\/v2\/comments?post=1630"}],"version-history":[{"count":18,"href":"https:\/\/betaspain.es\/en\/wp-json\/wp\/v2\/pages\/1630\/revisions"}],"predecessor-version":[{"id":2686,"href":"https:\/\/betaspain.es\/en\/wp-json\/wp\/v2\/pages\/1630\/revisions\/2686"}],"up":[{"embeddable":true,"href":"https:\/\/betaspain.es\/en\/wp-json\/wp\/v2\/pages\/1213"}],"wp:attachment":[{"href":"https:\/\/betaspain.es\/en\/wp-json\/wp\/v2\/media?parent=1630"}],"curies":[{"name":"wp","href":"https:\/\/api.w.org\/{rel}","templated":true}]}}