{"id":1768,"date":"2022-01-13T08:15:47","date_gmt":"2022-01-13T07:15:47","guid":{"rendered":"https:\/\/betaspain.es\/?page_id=1768"},"modified":"2022-01-16T08:55:34","modified_gmt":"2022-01-16T07:55:34","slug":"beta-debates-0","status":"publish","type":"page","link":"https:\/\/betaspain.es\/en\/beta-debates\/beta-debates-0\/","title":{"rendered":"BETA-DEBATES\/0"},"content":{"rendered":"<div class=\"wp-block-cover alignfull has-background-dim-30 has-ast-global-color-2-background-color has-background-dim\" style=\"min-height:382px;aspect-ratio:unset;\"><img loading=\"lazy\" decoding=\"async\" width=\"2481\" height=\"1868\" class=\"wp-block-cover__image-background wp-image-1735\" alt=\"\" src=\"https:\/\/betaspain.es\/wp-content\/uploads\/2022\/01\/BETA-DEBATES-banner-bis-2.png\" style=\"object-position:67% 67%\" data-object-fit=\"cover\" data-object-position=\"67% 67%\" srcset=\"https:\/\/betaspain.es\/wp-content\/uploads\/2022\/01\/BETA-DEBATES-banner-bis-2.png 2481w, https:\/\/betaspain.es\/wp-content\/uploads\/2022\/01\/BETA-DEBATES-banner-bis-2-300x226.png 300w, https:\/\/betaspain.es\/wp-content\/uploads\/2022\/01\/BETA-DEBATES-banner-bis-2-1024x771.png 1024w, https:\/\/betaspain.es\/wp-content\/uploads\/2022\/01\/BETA-DEBATES-banner-bis-2-768x578.png 768w, https:\/\/betaspain.es\/wp-content\/uploads\/2022\/01\/BETA-DEBATES-banner-bis-2-1536x1156.png 1536w, https:\/\/betaspain.es\/wp-content\/uploads\/2022\/01\/BETA-DEBATES-banner-bis-2-2048x1542.png 2048w, https:\/\/betaspain.es\/wp-content\/uploads\/2022\/01\/BETA-DEBATES-banner-bis-2-16x12.png 16w\" sizes=\"auto, (max-width: 2481px) 100vw, 2481px\" \/><div class=\"wp-block-cover__inner-container is-layout-flow wp-block-cover-is-layout-flow\">\n<p><\/p>\n<\/div><\/div>\n\n\n\n<hr class=\"wp-block-separator\"\/>\n\n\n\n<div class=\"wp-block-media-text alignwide is-stacked-on-mobile\" style=\"grid-template-columns:55% auto\"><figure class=\"wp-block-media-text__media\"><img loading=\"lazy\" decoding=\"async\" width=\"843\" height=\"597\" src=\"https:\/\/betaspain.es\/wp-content\/uploads\/2022\/01\/0-Eng.png\" alt=\"\" class=\"wp-image-1744 size-full\" srcset=\"https:\/\/betaspain.es\/wp-content\/uploads\/2022\/01\/0-Eng.png 843w, https:\/\/betaspain.es\/wp-content\/uploads\/2022\/01\/0-Eng-300x212.png 300w, https:\/\/betaspain.es\/wp-content\/uploads\/2022\/01\/0-Eng-768x544.png 768w, https:\/\/betaspain.es\/wp-content\/uploads\/2022\/01\/0-Eng-18x12.png 18w\" sizes=\"auto, (max-width: 843px) 100vw, 843px\" \/><\/figure><div class=\"wp-block-media-text__content\">\n<p class=\"has-text-align-center has-large-font-size\"><strong>EDITION #0<\/strong><br>GERMANY (AND THE EU) AFTER MERKEL <\/p>\n\n\n<p class=\"fonts-plugin-block\" style=\"font-family: verdana;font-weight: normal\">25th October 2021<br>Director: \u00c1lex Sospedra<br>Moderator: \u00c1lex Sospedra<\/p><\/div><\/div>\n\n\n\n<hr class=\"wp-block-separator has-text-color has-background\" style=\"background-color:#bfc33e;color:#bfc33e\"\/>\n\n\n\n<h4 class=\"wp-block-heading\">MAIN ISSUES<\/h4>\n\n\n\n<p class=\" translation-block\">The October 2021 edition focused on the German federal elections, in three blocks: one being a presentation and discussion of the election results <em>in crude<\/em> (vote fragmentation, gains or losses of votes by parties...), the second one on the possible         alliances and which government could emerge from it and, finally, one on the long-term consequences, for the European Union if one government (or coalition) or the other were to emerge victorious.<\/p>\n\n\n\n<div class=\"wp-block-buttons is-content-justification-center is-layout-flex wp-block-buttons-is-layout-flex\">\n<div class=\"wp-block-button is-style-fill\"><a class=\"wp-block-button__link has-background\" href=\"https:\/\/betaspain.es\/en\/beta-debates\/\" style=\"border-radius:6px;background:linear-gradient(135deg,rgb(252,185,0) 0%,rgb(255,105,0) 100%)\">RETURN TO BETA-DEBATES<\/a><\/div>\n<\/div>","protected":false},"excerpt":{"rendered":"<p>LAS CLAVES La edici\u00f3n de octubre de 2021 vers\u00f3 sobre las elecciones federales alemanas, en tres bloques: una presentaci\u00f3n y discusi\u00f3n de los resultados electorales en crudo (fragmentaci\u00f3n de voto, ganancia o p\u00e9rdida de votos por parte de partidos\u2026), un segundo sobre las alianzas posibles y qu\u00e9 gobierno podr\u00eda surgir de \u00e9l y, por \u00faltimo, [&hellip;]<\/p>","protected":false},"author":1,"featured_media":1728,"parent":1688,"menu_order":0,"comment_status":"closed","ping_status":"closed","template":"","meta":{"inline_featured_image":false,"_monsterinsights_skip_tracking":false,"_monsterinsights_sitenote_active":false,"_monsterinsights_sitenote_note":"","_monsterinsights_sitenote_category":0,"site-sidebar-layout":"default","site-content-layout":"plain-container","ast-site-content-layout":"","site-content-style":"default","site-sidebar-style":"default","ast-global-header-display":"","ast-banner-title-visibility":"","ast-main-header-display":"","ast-hfb-above-header-display":"","ast-hfb-below-header-display":"","ast-hfb-mobile-header-display":"","site-post-title":"disabled","ast-breadcrumbs-content":"","ast-featured-img":"disabled","footer-sml-layout":"","theme-transparent-header-meta":"","adv-header-id-meta":"","stick-header-meta":"","header-above-stick-meta":"","header-main-stick-meta":"","header-below-stick-meta":"","astra-migrate-meta-layouts":"default","ast-page-background-enabled":"default","ast-page-background-meta":{"desktop":{"background-color":"","background-image":"","background-repeat":"repeat","background-position":"center center","background-size":"auto","background-attachment":"scroll","background-type":"","background-media":"","overlay-type":"","overlay-color":"","overlay-gradient":""},"tablet":{"background-color":"","background-image":"","background-repeat":"repeat","background-position":"center center","background-size":"auto","background-attachment":"scroll","background-type":"","background-media":"","overlay-type":"","overlay-color":"","overlay-gradient":""},"mobile":{"background-color":"","background-image":"","background-repeat":"repeat","background-position":"center center","background-size":"auto","background-attachment":"scroll","background-type":"","background-media":"","overlay-type":"","overlay-color":"","overlay-gradient":""}},"ast-content-background-meta":{"desktop":{"background-color":"var(--ast-global-color-5)","background-image":"","background-repeat":"repeat","background-position":"center center","background-size":"auto","background-attachment":"scroll","background-type":"","background-media":"","overlay-type":"","overlay-color":"","overlay-gradient":""},"tablet":{"background-color":"var(--ast-global-color-5)","background-image":"","background-repeat":"repeat","background-position":"center center","background-size":"auto","background-attachment":"scroll","background-type":"","background-media":"","overlay-type":"","overlay-color":"","overlay-gradient":""},"mobile":{"background-color":"var(--ast-global-color-5)","background-image":"","background-repeat":"repeat","background-position":"center center","background-size":"auto","background-attachment":"scroll","background-type":"","background-media":"","overlay-type":"","overlay-color":"","overlay-gradient":""}},"footnotes":""},"class_list":["post-1768","page","type-page","status-publish","has-post-thumbnail","hentry"],"aioseo_notices":[],"_links":{"self":[{"href":"https:\/\/betaspain.es\/en\/wp-json\/wp\/v2\/pages\/1768","targetHints":{"allow":["GET"]}}],"collection":[{"href":"https:\/\/betaspain.es\/en\/wp-json\/wp\/v2\/pages"}],"about":[{"href":"https:\/\/betaspain.es\/en\/wp-json\/wp\/v2\/types\/page"}],"author":[{"embeddable":true,"href":"https:\/\/betaspain.es\/en\/wp-json\/wp\/v2\/users\/1"}],"replies":[{"embeddable":true,"href":"https:\/\/betaspain.es\/en\/wp-json\/wp\/v2\/comments?post=1768"}],"version-history":[{"count":7,"href":"https:\/\/betaspain.es\/en\/wp-json\/wp\/v2\/pages\/1768\/revisions"}],"predecessor-version":[{"id":1796,"href":"https:\/\/betaspain.es\/en\/wp-json\/wp\/v2\/pages\/1768\/revisions\/1796"}],"up":[{"embeddable":true,"href":"https:\/\/betaspain.es\/en\/wp-json\/wp\/v2\/pages\/1688"}],"wp:featuredmedia":[{"embeddable":true,"href":"https:\/\/betaspain.es\/en\/wp-json\/wp\/v2\/media\/1728"}],"wp:attachment":[{"href":"https:\/\/betaspain.es\/en\/wp-json\/wp\/v2\/media?parent=1768"}],"curies":[{"name":"wp","href":"https:\/\/api.w.org\/{rel}","templated":true}]}}