{"id":1772,"date":"2022-01-13T12:26:48","date_gmt":"2022-01-13T11:26:48","guid":{"rendered":"https:\/\/betaspain.es\/?page_id=1772"},"modified":"2022-01-16T09:10:12","modified_gmt":"2022-01-16T08:10:12","slug":"beta-debates-1","status":"publish","type":"page","link":"https:\/\/betaspain.es\/en\/beta-debates\/beta-debates-1\/","title":{"rendered":"BETA-DEBATES\/1"},"content":{"rendered":"<div class=\"wp-block-cover alignfull has-background-dim-30 has-ast-global-color-2-background-color has-background-dim\" style=\"min-height:382px;aspect-ratio:unset;\"><img loading=\"lazy\" decoding=\"async\" width=\"2481\" height=\"1868\" class=\"wp-block-cover__image-background wp-image-1735\" alt=\"\" src=\"https:\/\/betaspain.es\/wp-content\/uploads\/2022\/01\/BETA-DEBATES-banner-bis-2.png\" style=\"object-position:67% 67%\" data-object-fit=\"cover\" data-object-position=\"67% 67%\" srcset=\"https:\/\/betaspain.es\/wp-content\/uploads\/2022\/01\/BETA-DEBATES-banner-bis-2.png 2481w, https:\/\/betaspain.es\/wp-content\/uploads\/2022\/01\/BETA-DEBATES-banner-bis-2-300x226.png 300w, https:\/\/betaspain.es\/wp-content\/uploads\/2022\/01\/BETA-DEBATES-banner-bis-2-1024x771.png 1024w, https:\/\/betaspain.es\/wp-content\/uploads\/2022\/01\/BETA-DEBATES-banner-bis-2-768x578.png 768w, https:\/\/betaspain.es\/wp-content\/uploads\/2022\/01\/BETA-DEBATES-banner-bis-2-1536x1156.png 1536w, https:\/\/betaspain.es\/wp-content\/uploads\/2022\/01\/BETA-DEBATES-banner-bis-2-2048x1542.png 2048w, https:\/\/betaspain.es\/wp-content\/uploads\/2022\/01\/BETA-DEBATES-banner-bis-2-16x12.png 16w\" sizes=\"auto, (max-width: 2481px) 100vw, 2481px\" \/><div class=\"wp-block-cover__inner-container is-layout-flow wp-block-cover-is-layout-flow\">\n<p><\/p>\n<\/div><\/div>\n\n\n\n<hr class=\"wp-block-separator\"\/>\n\n\n\n<div class=\"wp-block-media-text alignwide is-stacked-on-mobile is-vertically-aligned-center\" style=\"grid-template-columns:53% auto\"><figure class=\"wp-block-media-text__media\"><img loading=\"lazy\" decoding=\"async\" width=\"1024\" height=\"724\" src=\"https:\/\/betaspain.es\/wp-content\/uploads\/2022\/01\/1-Eng.png\" alt=\"\" class=\"wp-image-1745 size-full\" srcset=\"https:\/\/betaspain.es\/wp-content\/uploads\/2022\/01\/1-Eng.png 3509w, https:\/\/betaspain.es\/wp-content\/uploads\/2022\/01\/1-Eng-300x212.png 300w, https:\/\/betaspain.es\/wp-content\/uploads\/2022\/01\/1-Eng-1024x724.png 1024w, https:\/\/betaspain.es\/wp-content\/uploads\/2022\/01\/1-Eng-768x543.png 768w, https:\/\/betaspain.es\/wp-content\/uploads\/2022\/01\/1-Eng-1536x1086.png 1536w, https:\/\/betaspain.es\/wp-content\/uploads\/2022\/01\/1-Eng-2048x1448.png 2048w, https:\/\/betaspain.es\/wp-content\/uploads\/2022\/01\/1-Eng-18x12.png 18w\" sizes=\"auto, (max-width: 1024px) 100vw, 1024px\" \/><\/figure><div class=\"wp-block-media-text__content\">\n<p class=\"has-text-align-center\" style=\"font-size:30px\"><strong>EDITION #1<\/strong><br>BULGARIAN ELECTIONS AND THE EU'S FUTURE<br>&#8212;&#8212;&#8212;&#8212;&#8212;&#8212;&#8212;&#8211; <br>POLAND: JUDICIAL AND MIGRANT CRISIS<\/p>\n\n\n<p class=\"fonts-plugin-block\" style=\"font-family: verdana;font-weight: normal\">29th November 2021<br>Director: \u00c1lex Sospedra<br>Moderator: \u00c1lex Sospedra<\/p><\/div><\/div>\n\n\n\n<hr class=\"wp-block-separator has-text-color has-background\" style=\"background-color:#bfc33e;color:#bfc33e\"\/>\n\n\n\n<h4 class=\"wp-block-heading\">MAIN ISSUES<\/h4>\n\n\n\n<p class=\" translation-block\">The November 2021 edition dealt with: the Bulgarian elections and and its potential repercussions for the country and for the EU's relations with the Balkan countries in general; the legal conflict between Poland and the EU (referred to in the press as \"<em>legalexit<\/em>\"); the migration conflict between Belarus and some Baltic countries along with Poland. A guest speaker from BETA Bulgaria was also invited to introduce the first topic and discuss the following ones.<\/p>\n\n\n\n<div class=\"wp-block-buttons is-content-justification-center is-layout-flex wp-block-buttons-is-layout-flex\">\n<div class=\"wp-block-button\"><a class=\"wp-block-button__link has-luminous-vivid-amber-to-luminous-vivid-orange-gradient-background has-background\" href=\"https:\/\/betaspain.es\/en\/beta-debates\/\" style=\"border-radius:6px\">RETURN TO BETA-DEBATES<\/a><\/div>\n<\/div>","protected":false},"excerpt":{"rendered":"<p>LAS CLAVES La edici\u00f3n de Noviembre de 2021 trat\u00f3 de los siguientes temas: las elecciones b\u00falgaras y sus potenciales repercusiones para el pa\u00eds y para las relaciones de la Uni\u00f3n Europea con los pa\u00edses de los Balcanes en general; el conflicto legal entre Polonia y la Uni\u00f3n Europea (llamado en prensa \u201clegalexit\u201d); y el conflicto [&hellip;]<\/p>","protected":false},"author":1,"featured_media":1728,"parent":1688,"menu_order":0,"comment_status":"closed","ping_status":"closed","template":"","meta":{"inline_featured_image":false,"_monsterinsights_skip_tracking":false,"_monsterinsights_sitenote_active":false,"_monsterinsights_sitenote_note":"","_monsterinsights_sitenote_category":0,"site-sidebar-layout":"default","site-content-layout":"plain-container","ast-site-content-layout":"","site-content-style":"default","site-sidebar-style":"default","ast-global-header-display":"","ast-banner-title-visibility":"","ast-main-header-display":"","ast-hfb-above-header-display":"","ast-hfb-below-header-display":"","ast-hfb-mobile-header-display":"","site-post-title":"disabled","ast-breadcrumbs-content":"","ast-featured-img":"disabled","footer-sml-layout":"","theme-transparent-header-meta":"","adv-header-id-meta":"","stick-header-meta":"","header-above-stick-meta":"","header-main-stick-meta":"","header-below-stick-meta":"","astra-migrate-meta-layouts":"default","ast-page-background-enabled":"default","ast-page-background-meta":{"desktop":{"background-color":"","background-image":"","background-repeat":"repeat","background-position":"center center","background-size":"auto","background-attachment":"scroll","background-type":"","background-media":"","overlay-type":"","overlay-color":"","overlay-gradient":""},"tablet":{"background-color":"","background-image":"","background-repeat":"repeat","background-position":"center center","background-size":"auto","background-attachment":"scroll","background-type":"","background-media":"","overlay-type":"","overlay-color":"","overlay-gradient":""},"mobile":{"background-color":"","background-image":"","background-repeat":"repeat","background-position":"center center","background-size":"auto","background-attachment":"scroll","background-type":"","background-media":"","overlay-type":"","overlay-color":"","overlay-gradient":""}},"ast-content-background-meta":{"desktop":{"background-color":"var(--ast-global-color-5)","background-image":"","background-repeat":"repeat","background-position":"center center","background-size":"auto","background-attachment":"scroll","background-type":"","background-media":"","overlay-type":"","overlay-color":"","overlay-gradient":""},"tablet":{"background-color":"var(--ast-global-color-5)","background-image":"","background-repeat":"repeat","background-position":"center center","background-size":"auto","background-attachment":"scroll","background-type":"","background-media":"","overlay-type":"","overlay-color":"","overlay-gradient":""},"mobile":{"background-color":"var(--ast-global-color-5)","background-image":"","background-repeat":"repeat","background-position":"center center","background-size":"auto","background-attachment":"scroll","background-type":"","background-media":"","overlay-type":"","overlay-color":"","overlay-gradient":""}},"footnotes":""},"class_list":["post-1772","page","type-page","status-publish","has-post-thumbnail","hentry"],"aioseo_notices":[],"_links":{"self":[{"href":"https:\/\/betaspain.es\/en\/wp-json\/wp\/v2\/pages\/1772","targetHints":{"allow":["GET"]}}],"collection":[{"href":"https:\/\/betaspain.es\/en\/wp-json\/wp\/v2\/pages"}],"about":[{"href":"https:\/\/betaspain.es\/en\/wp-json\/wp\/v2\/types\/page"}],"author":[{"embeddable":true,"href":"https:\/\/betaspain.es\/en\/wp-json\/wp\/v2\/users\/1"}],"replies":[{"embeddable":true,"href":"https:\/\/betaspain.es\/en\/wp-json\/wp\/v2\/comments?post=1772"}],"version-history":[{"count":12,"href":"https:\/\/betaspain.es\/en\/wp-json\/wp\/v2\/pages\/1772\/revisions"}],"predecessor-version":[{"id":1806,"href":"https:\/\/betaspain.es\/en\/wp-json\/wp\/v2\/pages\/1772\/revisions\/1806"}],"up":[{"embeddable":true,"href":"https:\/\/betaspain.es\/en\/wp-json\/wp\/v2\/pages\/1688"}],"wp:featuredmedia":[{"embeddable":true,"href":"https:\/\/betaspain.es\/en\/wp-json\/wp\/v2\/media\/1728"}],"wp:attachment":[{"href":"https:\/\/betaspain.es\/en\/wp-json\/wp\/v2\/media?parent=1772"}],"curies":[{"name":"wp","href":"https:\/\/api.w.org\/{rel}","templated":true}]}}