{"id":2093,"date":"2023-01-21T08:41:02","date_gmt":"2023-01-21T07:41:02","guid":{"rendered":"https:\/\/betaspain.es\/home\/register-copy\/"},"modified":"2024-09-15T20:18:09","modified_gmt":"2024-09-15T18:18:09","slug":"unete","status":"publish","type":"page","link":"https:\/\/betaspain.es\/en\/unete\/","title":{"rendered":"Becoming a member"},"content":{"rendered":"<div style=\"height:66px\" aria-hidden=\"true\" class=\"wp-block-spacer\"><\/div>\n\n\n\n<h4 class=\"wp-block-heading\">Becoming a member<\/h4>\n\n\n\n<p>If you are a young person interested in the European Union and you want to be part of BETA, fill out the following form and we will contact you to begin the process of becoming a member.\n\nIf you are not Spanish, you may want to consider joining one of the various branches that are part of BETA Europe.<\/p>\n\n\n\n<p>You can find your country's BETA branch in more than fifteen European countries through <a href=\"https:\/\/www.beta-europe.org\/\" target=\"_blank\" rel=\"noreferrer noopener\" title=\"BETA Europe\">BETA Europe<\/a> (recently BETA Moldova and BETA Croatia have become members of BETA Europe). You can also be part of the Individual Member's section of BETA Europe.<\/p>\n\n\n\n<p>In case of problems when filling the form you can contact us at <a href=\"mailto:spain.beta@gmail.com\">spain.beta@gmail.com<\/a>.<\/p>\n\n\n<div class=\"wpforms-container wpforms-block wpforms-block-87266c92-e9cb-4660-87ee-07dc3fc88cb3\" id=\"wpforms-2097\"><form id=\"wpforms-form-2097\" class=\"wpforms-validate wpforms-form wpforms-ajax-form\" data-formid=\"2097\" method=\"post\" enctype=\"multipart\/form-data\" action=\"\/en\/wp-json\/wp\/v2\/pages\/2093\" data-token=\"5bed8237452d0fed457893a353522c00\" data-token-time=\"1777039978\" data-trp-original-action=\"\/en\/wp-json\/wp\/v2\/pages\/2093\"><noscript class=\"wpforms-error-noscript\">Please enable JavaScript in your browser to complete this form.<\/noscript><div class=\"wpforms-field-container\"><div id=\"wpforms-2097-field_0-container\" class=\"wpforms-field wpforms-field-name\" data-field-id=\"0\"><label class=\"wpforms-field-label\">Name <span class=\"wpforms-required-label\">*<\/span><\/label><div class=\"wpforms-field-row wpforms-field-medium\"><div class=\"wpforms-field-row-block wpforms-first wpforms-one-half\"><input type=\"text\" id=\"wpforms-2097-field_0\" class=\"wpforms-field-name-first wpforms-field-required\" name=\"wpforms[fields][0][first]\" required><label for=\"wpforms-2097-field_0\" class=\"wpforms-field-sublabel after\">First<\/label><\/div><div class=\"wpforms-field-row-block wpforms-one-half\"><input type=\"text\" id=\"wpforms-2097-field_0-last\" class=\"wpforms-field-name-last wpforms-field-required\" name=\"wpforms[fields][0][last]\" required><label for=\"wpforms-2097-field_0-last\" class=\"wpforms-field-sublabel after\">Last<\/label><\/div><\/div><\/div><div id=\"wpforms-2097-field_1-container\" class=\"wpforms-field wpforms-field-email\" data-field-id=\"1\"><label class=\"wpforms-field-label\" for=\"wpforms-2097-field_1\">E-mail <span class=\"wpforms-required-label\">*<\/span><\/label><input type=\"email\" id=\"wpforms-2097-field_1\" class=\"wpforms-field-medium wpforms-field-required\" name=\"wpforms[fields][1]\" spellcheck=\"false\" required><\/div><div id=\"wpforms-2097-field_4-container\" class=\"wpforms-field wpforms-field-text\" data-field-id=\"4\"><label class=\"wpforms-field-label\" for=\"wpforms-2097-field_4\">Nationality <span class=\"wpforms-required-label\">*<\/span><\/label><input type=\"text\" id=\"wpforms-2097-field_4\" class=\"wpforms-field-medium wpforms-field-required\" name=\"wpforms[fields][4]\" required><\/div><div id=\"wpforms-2097-field_8-container\" class=\"wpforms-field wpforms-field-select wpforms-field-select-style-classic\" data-field-id=\"8\"><label class=\"wpforms-field-label\" for=\"wpforms-2097-field_8\">Province of residence <span class=\"wpforms-required-label\">*<\/span><\/label><select id=\"wpforms-2097-field_8\" class=\"wpforms-field-medium wpforms-field-required\" name=\"wpforms[fields][8]\" required=\"required\"><option value=\"Internacional\"  class=\"choice-56 depth-1\"  >Internacional<\/option><option value=\"\u00c1lava \/ Araba\"  class=\"choice-5 depth-1\"  >\u00c1lava \/ Araba<\/option><option value=\"Albacete\"  class=\"choice-6 depth-1\"  >Albacete<\/option><option value=\"Alicante \/ Alacant\"  class=\"choice-7 depth-1\"  >Alicante \/ Alacant<\/option><option value=\"Almer\u00eda\"  class=\"choice-8 depth-1\"  >Almer\u00eda<\/option><option value=\"Asturias\"  class=\"choice-9 depth-1\"  >Asturias<\/option><option value=\"\u00c1vila\"  class=\"choice-10 depth-1\"  >\u00c1vila<\/option><option value=\"Badajoz\"  class=\"choice-11 depth-1\"  >Badajoz<\/option><option value=\"Barcelona\"  class=\"choice-12 depth-1\"  >Barcelona<\/option><option value=\"Burgos\"  class=\"choice-13 depth-1\"  >Burgos<\/option><option value=\"C\u00e1ceres\"  class=\"choice-14 depth-1\"  >C\u00e1ceres<\/option><option value=\"C\u00e1diz\"  class=\"choice-15 depth-1\"  >C\u00e1diz<\/option><option value=\"Cantabria\"  class=\"choice-16 depth-1\"  >Cantabria<\/option><option value=\"Castell\u00f3n \/ Castell\u00f3\"  class=\"choice-17 depth-1\"  >Castell\u00f3n \/ Castell\u00f3<\/option><option value=\"Ceuta\"  class=\"choice-57 depth-1\"  >Ceuta<\/option><option value=\"Ciudad Real\"  class=\"choice-18 depth-1\"  >Ciudad Real<\/option><option value=\"C\u00f3rdoba\"  class=\"choice-19 depth-1\"  >C\u00f3rdoba<\/option><option value=\"La Coru\u00f1a \/ A Coru\u00f1a\"  class=\"choice-20 depth-1\"  >La Coru\u00f1a \/ A Coru\u00f1a<\/option><option value=\"Cuenca\"  class=\"choice-21 depth-1\"  >Cuenca<\/option><option value=\"Gerona \/ Girona\"  class=\"choice-22 depth-1\"  >Gerona \/ Girona<\/option><option value=\"Granada\"  class=\"choice-23 depth-1\"  >Granada<\/option><option value=\"Guadalajara\"  class=\"choice-24 depth-1\"  >Guadalajara<\/option><option value=\"Guip\u00fazcoa \/ Guipuzkoa\"  class=\"choice-25 depth-1\"  >Guip\u00fazcoa \/ Guipuzkoa<\/option><option value=\"Huelva\"  class=\"choice-26 depth-1\"  >Huelva<\/option><option value=\"Huesca\"  class=\"choice-27 depth-1\"  >Huesca<\/option><option value=\"Islas Baleares \/ Illes Balears\"  class=\"choice-28 depth-1\"  >Islas Baleares \/ Illes Balears<\/option><option value=\"Ja\u00e9n\"  class=\"choice-29 depth-1\"  >Ja\u00e9n<\/option><option value=\"Las Palmas\"  class=\"choice-39 depth-1\"  >Las Palmas<\/option><option value=\"Le\u00f3n\"  class=\"choice-30 depth-1\"  >Le\u00f3n<\/option><option value=\"L\u00e9rida \/ Lleida \/ Lh\u00e8ida\"  class=\"choice-31 depth-1\"  >L\u00e9rida \/ Lleida \/ Lh\u00e8ida<\/option><option value=\"Lugo\"  class=\"choice-32 depth-1\"  >Lugo<\/option><option value=\"Madrid\"  class=\"choice-33 depth-1\"  >Madrid<\/option><option value=\"M\u00e1laga\"  class=\"choice-34 depth-1\"  >M\u00e1laga<\/option><option value=\"Melilla\"  class=\"choice-59 depth-1\"  >Melilla<\/option><option value=\"Murcia\"  class=\"choice-35 depth-1\"  >Murcia<\/option><option value=\"Navarra \/ Nafarroa\"  class=\"choice-36 depth-1\"  >Navarra \/ Nafarroa<\/option><option value=\"Orense \/ Ourense\"  class=\"choice-37 depth-1\"  >Orense \/ Ourense<\/option><option value=\"Palencia\"  class=\"choice-38 depth-1\"  >Palencia<\/option><option value=\"Pontevedra\"  class=\"choice-40 depth-1\"  >Pontevedra<\/option><option value=\"La Rioja\"  class=\"choice-41 depth-1\"  >La Rioja<\/option><option value=\"Salamanca\"  class=\"choice-42 depth-1\"  >Salamanca<\/option><option value=\"Segovia\"  class=\"choice-43 depth-1\"  >Segovia<\/option><option value=\"Sevilla\"  class=\"choice-44 depth-1\"  >Sevilla<\/option><option value=\"Soria\"  class=\"choice-45 depth-1\"  >Soria<\/option><option value=\"Tarragona\"  class=\"choice-46 depth-1\"  >Tarragona<\/option><option value=\"Santa Cruz de Tenerife\"  class=\"choice-47 depth-1\"  >Santa Cruz de Tenerife<\/option><option value=\"Teruel\"  class=\"choice-48 depth-1\"  >Teruel<\/option><option value=\"Toledo\"  class=\"choice-49 depth-1\"  >Toledo<\/option><option value=\"Valencia \/ Val\u00e8ncia\"  class=\"choice-50 depth-1\"  >Valencia \/ Val\u00e8ncia<\/option><option value=\"Valladolid\"  class=\"choice-51 depth-1\"  >Valladolid<\/option><option value=\"Vizcaya \/ Bizkaia\"  class=\"choice-52 depth-1\"  >Vizcaya \/ Bizkaia<\/option><option value=\"Zamora\"  class=\"choice-53 depth-1\"  >Zamora<\/option><option value=\"Zaragoza\"  class=\"choice-54 depth-1\"  >Zaragoza<\/option><\/select><div class=\"wpforms-field-description\">If you live outside Spain, select \u00abInternational\u00bb<\/div><\/div><div id=\"wpforms-2097-field_12-container\" class=\"wpforms-field wpforms-field-text\" data-field-id=\"12\"><label class=\"wpforms-field-label\" for=\"wpforms-2097-field_12\">Telephone number <span class=\"wpforms-required-label\">*<\/span><\/label><input type=\"text\" id=\"wpforms-2097-field_12\" class=\"wpforms-field-medium wpforms-field-required\" name=\"wpforms[fields][12]\" required><div class=\"wpforms-field-description\">Include your country code (+XX)<\/div><\/div><div id=\"wpforms-2097-field_14-container\" class=\"wpforms-field wpforms-field-text\" data-field-id=\"14\"><label class=\"wpforms-field-label\" for=\"wpforms-2097-field_14\">Birth date <span class=\"wpforms-required-label\">*<\/span><\/label><input type=\"text\" id=\"wpforms-2097-field_14\" class=\"wpforms-field-medium wpforms-field-required\" name=\"wpforms[fields][14]\" required><div class=\"wpforms-field-description\">Format: DD\/MM\/YYYY<\/div><\/div><div id=\"wpforms-2097-field_7-container\" class=\"wpforms-field wpforms-field-gdpr-checkbox\" data-field-id=\"7\"><label class=\"wpforms-field-label\">GDPR Agreement  <span class=\"wpforms-required-label\">*<\/span><\/label><ul id=\"wpforms-2097-field_7\" class=\"wpforms-field-required\"><li class=\"choice-1\"><input type=\"checkbox\" id=\"wpforms-2097-field_7_1\" name=\"wpforms[fields][7][]\" value=\"Doy mi consentimiento para que esta web almacene la informaci\u00f3n que env\u00edo para que puedan responder a mi petici\u00f3n. \" required><label class=\"wpforms-field-label-inline\" for=\"wpforms-2097-field_7_1\">I give my consent for the website to save the information in order to respond. <\/label><\/li><\/ul><\/div><\/div><!-- .wpforms-field-container --><div class=\"wpforms-submit-container\" ><input type=\"hidden\" name=\"wpforms[id]\" value=\"2097\"><input type=\"hidden\" name=\"page_title\" value=\"\"><input type=\"hidden\" name=\"page_url\" value=\"https:\/\/betaspain.es\/en\/wp-json\/wp\/v2\/pages\/2093\"><input type=\"hidden\" name=\"url_referer\" value=\"\"><button type=\"submit\" name=\"wpforms[submit]\" id=\"wpforms-submit-2097\" class=\"wpforms-submit\" data-alt-text=\"Realizando pre-inscripci\u00f3n...\" data-submit-text=\"Enviar\" aria-live=\"assertive\" value=\"wpforms-submit\">Submit<\/button><img loading=\"lazy\" decoding=\"async\" src=\"https:\/\/betaspain.es\/wp-content\/plugins\/wpforms-lite\/assets\/images\/submit-spin.svg\" class=\"wpforms-submit-spinner\" style=\"display: none;\" width=\"26\" height=\"26\" alt=\"Loading\"><\/div><input type=\"hidden\" name=\"trp-form-language\" value=\"en\"\/><\/form><\/div>  <!-- .wpforms-container -->","protected":false},"excerpt":{"rendered":"<p>Inscripci\u00f3n Si eres una persona joven interesada en la Uni\u00f3n Europea y deseas formar parte de BETA Espa\u00f1a, rellena el siguiente formulario y nos pondremos en contacto contigo para realizar el proceso de adhesi\u00f3n a la asociaci\u00f3n. Tambi\u00e9n puedes encontrar tu marca BETA en m\u00e1s de quince pa\u00edses europeos a trav\u00e9s de BETA Europa (recientemente [&hellip;]<\/p>","protected":false},"author":1,"featured_media":0,"parent":0,"menu_order":0,"comment_status":"closed","ping_status":"closed","template":"","meta":{"inline_featured_image":false,"_monsterinsights_skip_tracking":false,"_monsterinsights_sitenote_active":false,"_monsterinsights_sitenote_note":"","_monsterinsights_sitenote_category":0,"site-sidebar-layout":"default","site-content-layout":"default","ast-site-content-layout":"default","site-content-style":"default","site-sidebar-style":"default","ast-global-header-display":"","ast-banner-title-visibility":"","ast-main-header-display":"","ast-hfb-above-header-display":"","ast-hfb-below-header-display":"","ast-hfb-mobile-header-display":"","site-post-title":"disabled","ast-breadcrumbs-content":"","ast-featured-img":"","footer-sml-layout":"","theme-transparent-header-meta":"default","adv-header-id-meta":"","stick-header-meta":"","header-above-stick-meta":"","header-main-stick-meta":"","header-below-stick-meta":"","astra-migrate-meta-layouts":"set","ast-page-background-enabled":"default","ast-page-background-meta":{"desktop":{"background-color":"","background-image":"","background-repeat":"repeat","background-position":"center center","background-size":"auto","background-attachment":"scroll","background-type":"","background-media":"","overlay-type":"","overlay-color":"","overlay-gradient":""},"tablet":{"background-color":"","background-image":"","background-repeat":"repeat","background-position":"center center","background-size":"auto","background-attachment":"scroll","background-type":"","background-media":"","overlay-type":"","overlay-color":"","overlay-gradient":""},"mobile":{"background-color":"","background-image":"","background-repeat":"repeat","background-position":"center center","background-size":"auto","background-attachment":"scroll","background-type":"","background-media":"","overlay-type":"","overlay-color":"","overlay-gradient":""}},"ast-content-background-meta":{"desktop":{"background-color":"var(--ast-global-color-5)","background-image":"","background-repeat":"repeat","background-position":"center center","background-size":"auto","background-attachment":"scroll","background-type":"","background-media":"","overlay-type":"","overlay-color":"","overlay-gradient":""},"tablet":{"background-color":"var(--ast-global-color-5)","background-image":"","background-repeat":"repeat","background-position":"center center","background-size":"auto","background-attachment":"scroll","background-type":"","background-media":"","overlay-type":"","overlay-color":"","overlay-gradient":""},"mobile":{"background-color":"var(--ast-global-color-5)","background-image":"","background-repeat":"repeat","background-position":"center center","background-size":"auto","background-attachment":"scroll","background-type":"","background-media":"","overlay-type":"","overlay-color":"","overlay-gradient":""}},"footnotes":""},"class_list":["post-2093","page","type-page","status-publish","hentry"],"aioseo_notices":[],"_links":{"self":[{"href":"https:\/\/betaspain.es\/en\/wp-json\/wp\/v2\/pages\/2093","targetHints":{"allow":["GET"]}}],"collection":[{"href":"https:\/\/betaspain.es\/en\/wp-json\/wp\/v2\/pages"}],"about":[{"href":"https:\/\/betaspain.es\/en\/wp-json\/wp\/v2\/types\/page"}],"author":[{"embeddable":true,"href":"https:\/\/betaspain.es\/en\/wp-json\/wp\/v2\/users\/1"}],"replies":[{"embeddable":true,"href":"https:\/\/betaspain.es\/en\/wp-json\/wp\/v2\/comments?post=2093"}],"version-history":[{"count":13,"href":"https:\/\/betaspain.es\/en\/wp-json\/wp\/v2\/pages\/2093\/revisions"}],"predecessor-version":[{"id":2525,"href":"https:\/\/betaspain.es\/en\/wp-json\/wp\/v2\/pages\/2093\/revisions\/2525"}],"wp:attachment":[{"href":"https:\/\/betaspain.es\/en\/wp-json\/wp\/v2\/media?parent=2093"}],"curies":[{"name":"wp","href":"https:\/\/api.w.org\/{rel}","templated":true}]}}