{"id":3487,"date":"2026-04-02T08:57:37","date_gmt":"2026-04-02T06:57:37","guid":{"rendered":"https:\/\/betaspain.es\/beta-debates\/beta-debates-4-copy\/"},"modified":"2026-04-13T09:22:23","modified_gmt":"2026-04-13T07:22:23","slug":"beta-debates-5","status":"publish","type":"page","link":"https:\/\/betaspain.es\/en\/beta-debates\/beta-debates-5\/","title":{"rendered":"BETA-DEBATES\/5"},"content":{"rendered":"<div class=\"wp-block-cover alignfull is-light\" style=\"min-height:382px;aspect-ratio:unset;\"><img loading=\"lazy\" decoding=\"async\" width=\"2481\" height=\"1868\" class=\"wp-block-cover__image-background wp-image-1735\" alt=\"\" src=\"https:\/\/betaspain.es\/wp-content\/uploads\/2022\/01\/BETA-DEBATES-banner-bis-2.png\" style=\"object-position:67% 67%\" data-object-fit=\"cover\" data-object-position=\"67% 67%\" srcset=\"https:\/\/betaspain.es\/wp-content\/uploads\/2022\/01\/BETA-DEBATES-banner-bis-2.png 2481w, https:\/\/betaspain.es\/wp-content\/uploads\/2022\/01\/BETA-DEBATES-banner-bis-2-300x226.png 300w, https:\/\/betaspain.es\/wp-content\/uploads\/2022\/01\/BETA-DEBATES-banner-bis-2-1024x771.png 1024w, https:\/\/betaspain.es\/wp-content\/uploads\/2022\/01\/BETA-DEBATES-banner-bis-2-768x578.png 768w, https:\/\/betaspain.es\/wp-content\/uploads\/2022\/01\/BETA-DEBATES-banner-bis-2-1536x1156.png 1536w, https:\/\/betaspain.es\/wp-content\/uploads\/2022\/01\/BETA-DEBATES-banner-bis-2-2048x1542.png 2048w, https:\/\/betaspain.es\/wp-content\/uploads\/2022\/01\/BETA-DEBATES-banner-bis-2-16x12.png 16w\" sizes=\"auto, (max-width: 2481px) 100vw, 2481px\" \/><span aria-hidden=\"true\" class=\"wp-block-cover__background has-ast-global-color-2-background-color has-background-dim-30 has-background-dim\"><\/span><div class=\"wp-block-cover__inner-container is-layout-flow wp-block-cover-is-layout-flow\">\n<p><\/p>\n<\/div><\/div>\n\n\n\n<hr class=\"wp-block-separator has-css-opacity\"\/>\n\n\n\n<div class=\"wp-block-media-text alignwide is-stacked-on-mobile is-vertically-aligned-center\" style=\"grid-template-columns:52% auto\"><figure class=\"wp-block-media-text__media\"><img loading=\"lazy\" decoding=\"async\" width=\"1024\" height=\"724\" src=\"https:\/\/betaspain.es\/wp-content\/uploads\/2026\/04\/5-Eng-web_nuevo-scaled.png\" alt=\"\" class=\"wp-image-3540 size-full\" srcset=\"https:\/\/betaspain.es\/wp-content\/uploads\/2026\/04\/5-Eng-web_nuevo-scaled.png 2560w, https:\/\/betaspain.es\/wp-content\/uploads\/2026\/04\/5-Eng-web_nuevo-300x212.png 300w, https:\/\/betaspain.es\/wp-content\/uploads\/2026\/04\/5-Eng-web_nuevo-1024x724.png 1024w, https:\/\/betaspain.es\/wp-content\/uploads\/2026\/04\/5-Eng-web_nuevo-768x543.png 768w, https:\/\/betaspain.es\/wp-content\/uploads\/2026\/04\/5-Eng-web_nuevo-1536x1086.png 1536w, https:\/\/betaspain.es\/wp-content\/uploads\/2026\/04\/5-Eng-web_nuevo-2048x1448.png 2048w, https:\/\/betaspain.es\/wp-content\/uploads\/2026\/04\/5-Eng-web_nuevo-18x12.png 18w\" sizes=\"auto, (max-width: 1024px) 100vw, 1024px\" \/><\/figure><div class=\"wp-block-media-text__content\"><h4 class=\"fonts-plugin-block\" style=\"font-family: Raleway;font-weight: normal;font-size: 34px;line-height: 1.7;text-align: center\"><strong>EDITION<\/strong> 5<br>EUROPEAN DEFENCE<br>&#8212;&#8212;&#8212;&#8212;&#8212;&#8212;&#8212;&#8211; <br>CLIMATE REFUGEES<\/h4>\n\n<p class=\"fonts-plugin-block\" style=\"font-family: verdana;font-weight: normal\">7th April 2026<br>Embassy of Slovakia in Madrid and online<br><br>Participants:<br>- Juraj Tomaga, Ambassador of Slovakia in Spain<br>- Lt. Colonel Roel de Winter, Representative of the Dutch Armed Forces in Spain<br>- Representative of the Political Section of the German Embassy in Spain<br>- Carlos G\u00f3mez, former president of BETA Europe and Director General of MEU Spain 2021<br>- Sof\u00eda de los \u00c1ngeles Jim\u00e9nez, Vicepresident of BETA Spain<br><br>Moderated by: Guillermo Moreno and Ana Reina<\/p><\/div><\/div>\n\n\n\n<hr class=\"wp-block-separator has-text-color has-css-opacity has-background\" style=\"background-color:#bfc33e;color:#bfc33e\"\/>\n\n\n\n<h4 class=\"wp-block-heading\">MAIN ISSUES<\/h4>\n\n\n\n<p>As a closing of <a href=\"https:\/\/betaspain.es\/en\/meu-spain\/meu-spain-2025\/\" title=\"MEU SPAIN 2025\">MEU Spain 2025<\/a>, this edition of BETA-DEBATES will explore the issues discussed in Santander in greater depth, alongside diplomats and experts. How can we make progress on Europe\u2019s common defence? What impact might the influx of refugees resulting from the worsening effects of climate change have on us?<\/p>\n\n\n\n<h4 class=\"wp-block-heading\">WATCH THE DEBATE AGAIN<\/h4>\n\n\n\n<figure class=\"wp-block-embed is-type-video is-provider-youtube wp-block-embed-youtube wp-embed-aspect-16-9 wp-has-aspect-ratio\"><div class=\"wp-block-embed__wrapper\">\n<div class=\"ast-oembed-container\" style=\"height: 100%;\"><iframe loading=\"lazy\" title=\"BETA-DEBATES 2026: European Defence &amp; Climate Refugees\" width=\"500\" height=\"281\" src=\"https:\/\/www.youtube.com\/embed\/vX6OPuaPQN8?feature=oembed\" frameborder=\"0\" allow=\"accelerometer; autoplay; clipboard-write; encrypted-media; gyroscope; picture-in-picture; web-share\" referrerpolicy=\"strict-origin-when-cross-origin\" allowfullscreen><\/iframe><\/div>\n<\/div><\/figure>\n\n\n\n<div class=\"wp-block-buttons is-horizontal is-content-justification-center is-layout-flex wp-container-core-buttons-is-layout-03627597 wp-block-buttons-is-layout-flex\">\n<div class=\"wp-block-button\"><a class=\"wp-block-button__link has-luminous-vivid-amber-to-luminous-vivid-orange-gradient-background has-background wp-element-button\" href=\"https:\/\/betaspain.es\/en\/beta-debates\/\" style=\"border-radius:6px\">RETURN TO BETA-DEBATES<\/a><\/div>\n<\/div>","protected":false},"excerpt":{"rendered":"<p>LAS CLAVES Como cierre de MEU Spain 2025, este BETA-DEBATES profundizar\u00e1 en los temas discutidos en Santander junto a diplom\u00e1ticos y expertos. \u00bfC\u00f3mo avanzar en la defensa com\u00fan de Europa? \u00bfQu\u00e9 efectos pueden tener sobre nosotros la aparici\u00f3n de refugiados consecuencia de la profundizaci\u00f3n del cambio clim\u00e1tico? VUELVE A VER EL DEBATE<\/p>","protected":false},"author":1,"featured_media":1728,"parent":1688,"menu_order":0,"comment_status":"closed","ping_status":"closed","template":"","meta":{"inline_featured_image":false,"_monsterinsights_skip_tracking":false,"_monsterinsights_sitenote_active":false,"_monsterinsights_sitenote_note":"","_monsterinsights_sitenote_category":0,"site-sidebar-layout":"default","site-content-layout":"plain-container","ast-site-content-layout":"normal-width-container","site-content-style":"unboxed","site-sidebar-style":"unboxed","ast-global-header-display":"","ast-banner-title-visibility":"","ast-main-header-display":"","ast-hfb-above-header-display":"","ast-hfb-below-header-display":"","ast-hfb-mobile-header-display":"","site-post-title":"disabled","ast-breadcrumbs-content":"","ast-featured-img":"disabled","footer-sml-layout":"","theme-transparent-header-meta":"","adv-header-id-meta":"","stick-header-meta":"","header-above-stick-meta":"","header-main-stick-meta":"","header-below-stick-meta":"","astra-migrate-meta-layouts":"set","ast-page-background-enabled":"default","ast-page-background-meta":{"desktop":{"background-color":"","background-image":"","background-repeat":"repeat","background-position":"center center","background-size":"auto","background-attachment":"scroll","background-type":"","background-media":"","overlay-type":"","overlay-color":"","overlay-gradient":""},"tablet":{"background-color":"","background-image":"","background-repeat":"repeat","background-position":"center center","background-size":"auto","background-attachment":"scroll","background-type":"","background-media":"","overlay-type":"","overlay-color":"","overlay-gradient":""},"mobile":{"background-color":"","background-image":"","background-repeat":"repeat","background-position":"center center","background-size":"auto","background-attachment":"scroll","background-type":"","background-media":"","overlay-type":"","overlay-color":"","overlay-gradient":""}},"ast-content-background-meta":{"desktop":{"background-color":"var(--ast-global-color-5)","background-image":"","background-repeat":"repeat","background-position":"center center","background-size":"auto","background-attachment":"scroll","background-type":"","background-media":"","overlay-type":"","overlay-color":"","overlay-gradient":""},"tablet":{"background-color":"var(--ast-global-color-5)","background-image":"","background-repeat":"repeat","background-position":"center center","background-size":"auto","background-attachment":"scroll","background-type":"","background-media":"","overlay-type":"","overlay-color":"","overlay-gradient":""},"mobile":{"background-color":"var(--ast-global-color-5)","background-image":"","background-repeat":"repeat","background-position":"center center","background-size":"auto","background-attachment":"scroll","background-type":"","background-media":"","overlay-type":"","overlay-color":"","overlay-gradient":""}},"footnotes":""},"class_list":["post-3487","page","type-page","status-publish","has-post-thumbnail","hentry"],"aioseo_notices":[],"_links":{"self":[{"href":"https:\/\/betaspain.es\/en\/wp-json\/wp\/v2\/pages\/3487","targetHints":{"allow":["GET"]}}],"collection":[{"href":"https:\/\/betaspain.es\/en\/wp-json\/wp\/v2\/pages"}],"about":[{"href":"https:\/\/betaspain.es\/en\/wp-json\/wp\/v2\/types\/page"}],"author":[{"embeddable":true,"href":"https:\/\/betaspain.es\/en\/wp-json\/wp\/v2\/users\/1"}],"replies":[{"embeddable":true,"href":"https:\/\/betaspain.es\/en\/wp-json\/wp\/v2\/comments?post=3487"}],"version-history":[{"count":10,"href":"https:\/\/betaspain.es\/en\/wp-json\/wp\/v2\/pages\/3487\/revisions"}],"predecessor-version":[{"id":3547,"href":"https:\/\/betaspain.es\/en\/wp-json\/wp\/v2\/pages\/3487\/revisions\/3547"}],"up":[{"embeddable":true,"href":"https:\/\/betaspain.es\/en\/wp-json\/wp\/v2\/pages\/1688"}],"wp:featuredmedia":[{"embeddable":true,"href":"https:\/\/betaspain.es\/en\/wp-json\/wp\/v2\/media\/1728"}],"wp:attachment":[{"href":"https:\/\/betaspain.es\/en\/wp-json\/wp\/v2\/media?parent=3487"}],"curies":[{"name":"wp","href":"https:\/\/api.w.org\/{rel}","templated":true}]}}